{"id":98,"date":"2017-09-30T12:39:17","date_gmt":"2017-09-30T11:39:17","guid":{"rendered":"http:\/\/cours-de-guitare-aix-en-provence.fr\/?page_id=98"},"modified":"2024-01-21T02:15:20","modified_gmt":"2024-01-21T01:15:20","slug":"cours-de-guitare","status":"publish","type":"page","link":"https:\/\/cours-de-guitare-aix-en-provence.fr\/index.php\/cours-de-guitare\/","title":{"rendered":"cours de guitare sur mesure"},"content":{"rendered":"<h1 class=\"sc_title sc_title_regular sc_align_center\" style=\"text-align:center;\">Cours de guitare : Le plaisir de jouer !\u00a0<\/h1>\n<p>C\u00e9dric Lacoste, professeur depuis vingt ans de guitare acoustique, \u00e9lectrique en Ecole de musique municipale d\u2019Aix-en-Provence et Ecole Yamaha, propose des cours de guitare aix en provence dans son home studio gr\u00e2ce \u00e0 une m\u00e9thode qui vous est personnalis\u00e9e et plaisante. Pour les cours de\u00a0guitare electrique, allez \u00e0\u00a0<a href=\"http:\/\/cours-de-guitare-aix-en-provence.fr\/index.php\/apprendre-guitare-electrique\/\">apprendre la\u00a0guitare <\/a><a href=\"https:\/\/cours-de-guitare-aix-en-provence.fr\/index.php\/apprendre-la-guitare-electrique\/\">electrique<\/a><br \/>\n<h2 class=\"sc_title sc_title_regular\"> Cours de guitare adapt\u00e9 pour quel public ?<\/h2> Les cours de guitare sont con\u00e7us sur mesure et s&rsquo;adressent aux d\u00e9butants comme aux confirm\u00e9s, aux enfants comme aux adolescents, ainsi qu&rsquo;aux adultes. Tous les niveaux sont les bienvenus. Les <a href=\"http:\/\/cours-de-guitare-aix-en-provence.fr\/index.php\/cours-de-guitare-enfant\/\">cours guitare enfant<\/a> et les\u00a0<a href=\"http:\/\/cours-de-guitare-aix-en-provence.fr\/index.php\/cours-de-guitare-debutant\/\">cours guitare d\u00e9butant<\/a>\u00a0permettent de d\u00e9couvrir simplement l&rsquo;instrument par la posture du corps et la prise en main de la guitare,\u00a0en jouant des m\u00e9lodies plaisantes ou accords simples avec le prof. En <a href=\"http:\/\/cours-de-guitare-aix-en-provence.fr\/index.php\/cours-de-gratte-ados\/\">cours guitare ados<\/a> et <a href=\"http:\/\/cours-de-guitare-aix-en-provence.fr\/index.php\/cours-guitare-adulte\/\">cours guitare adulte<\/a>, vous d\u00e9velopperez votre oreille harmonique et sens du rythme pour aborder rapidement vos morceaux pr\u00e9f\u00e9r\u00e9s et \u00eatre accompagn\u00e9(e) par le professeur.<\/p>\n<p>Le cours de guitare est ouvert \u00e0 tous les styles en fonction de vos go\u00fbts : blues, folk, rock, chanson fran\u00e7aise ou classique, jazz, bossa-nova. \u00c9chauffements, gammes ou plans et grilles d\u2019accords avec tablatures (solf\u00e8ge si d\u00e9sir\u00e9) sont jou\u00e9s comme dans un groupe avec le professeur gr\u00e2ce \u00e0 des s\u00e9quences musicales ludiques et pistes d&rsquo;accompagnement. En cours de guitare individuel (ou <a href=\"http:\/\/cours-de-guitare-aix-en-provence.fr\/index.php\/cours-de-guitare-binome\/\">en cours collectif en bin\u00f4me<\/a> : le professeur et deux guitaristes), les documents p\u00e9dagogiques offerts sont adapt\u00e9s au niveau de chacun. Cela vous permet de progresser \u00e0 votre rythme.<br \/>\n<h3 class=\"sc_title sc_title_regular\">Cours de guitare, mais avec quelle guitare ?<\/h3> Vous h\u00e9sitez encore dans le choix de la guitare&#8230; S\u00e8che, folk, ou \u00e9lectrique ?\u00a0 Vous pouvez essayer diff\u00e9rents mod\u00e8les en cours. Un instrument vous est pr\u00eat\u00e9 le temps de choisir le v\u00f4tre. Et je vous conseille et peut s\u00e9lectionner pour vous une guitare parmi un lot en magasin sur Aix-en-Provence. Musicalement.<\/p>\n","protected":false},"excerpt":{"rendered":"<p>C\u00e9dric Lacoste, professeur depuis vingt ans de guitare acoustique, \u00e9lectrique en Ecole de musique municipale d\u2019Aix-en-Provence et Ecole Yamaha, propose des cours de guitare aix en provence dans son home studio gr\u00e2ce \u00e0 une m\u00e9thode qui vous est personnalis\u00e9e et plaisante. Pour les cours de\u00a0guitare electrique, allez \u00e0\u00a0apprendre la\u00a0guitare electrique Les cours de guitare sont [&hellip;]<\/p>\n","protected":false},"author":1,"featured_media":0,"parent":0,"menu_order":0,"comment_status":"closed","ping_status":"closed","template":"","meta":[],"_links":{"self":[{"href":"https:\/\/cours-de-guitare-aix-en-provence.fr\/index.php\/wp-json\/wp\/v2\/pages\/98"}],"collection":[{"href":"https:\/\/cours-de-guitare-aix-en-provence.fr\/index.php\/wp-json\/wp\/v2\/pages"}],"about":[{"href":"https:\/\/cours-de-guitare-aix-en-provence.fr\/index.php\/wp-json\/wp\/v2\/types\/page"}],"author":[{"embeddable":true,"href":"https:\/\/cours-de-guitare-aix-en-provence.fr\/index.php\/wp-json\/wp\/v2\/users\/1"}],"replies":[{"embeddable":true,"href":"https:\/\/cours-de-guitare-aix-en-provence.fr\/index.php\/wp-json\/wp\/v2\/comments?post=98"}],"version-history":[{"count":79,"href":"https:\/\/cours-de-guitare-aix-en-provence.fr\/index.php\/wp-json\/wp\/v2\/pages\/98\/revisions"}],"predecessor-version":[{"id":1080,"href":"https:\/\/cours-de-guitare-aix-en-provence.fr\/index.php\/wp-json\/wp\/v2\/pages\/98\/revisions\/1080"}],"wp:attachment":[{"href":"https:\/\/cours-de-guitare-aix-en-provence.fr\/index.php\/wp-json\/wp\/v2\/media?parent=98"}],"curies":[{"name":"wp","href":"https:\/\/api.w.org\/{rel}","templated":true}]}}