{"id":724,"date":"2019-05-09T12:24:29","date_gmt":"2019-05-09T11:24:29","guid":{"rendered":"http:\/\/cours-de-guitare-aix-en-provence.fr\/?page_id=724"},"modified":"2023-05-20T16:05:47","modified_gmt":"2023-05-20T15:05:47","slug":"cours-de-guitare-aix-en-provence-2","status":"publish","type":"page","link":"https:\/\/cours-de-guitare-aix-en-provence.fr\/index.php\/cours-de-guitare-aix-en-provence-2\/","title":{"rendered":"Cours de guitare Aix-en-Provence"},"content":{"rendered":"\n<p>Bienvenu  Bienvenue Welcome Bienvenida Cours de guitare Aix-en-Provence<\/p>\n\n\n\n<p>C\u00e9dric Lacoste, professeur particulier,\u00a0donne des Cours de guitare Aix-en-Provence, acoustique et \u00e9lectrique dans son Home studio. Je vous\u00a0propose des cours guitare gr\u00e2ce \u00e0 une m\u00e9thode \u00e9labor\u00e9e sur vingt ans, plaisante et adapt\u00e9e \u00e0 chacun. Professeur en \u00c9cole de musique municipale d\u2019Aix-en-Provence et \u00c9cole Yamaha, les animations musicales et la musicoth\u00e9rapie font partie de mes activit\u00e9s.<\/p>\n\n\n\n<p>En&nbsp;cours de guitare individuel ainsi qu&rsquo;en&nbsp;<a href=\"http:\/\/cours-de-guitare-aix-en-provence.fr\/index.php\/cours-de-guitare-binome\/\">cours en bin\u00f4me<\/a> (le prof. et deux guitaristes), les documents p\u00e9dagogiques adapt\u00e9s au niveau de chacun sont offerts. <\/p>\n\n\n\n<p>En cours guitare Aix-en-Provence, vous jouez simplement avec le prof quelque-soit votre niveau, et je prends le temps d&rsquo;expliquer chaque point pour une progression \u00e0 votre rythme.  <\/p>\n\n\n\n<p>Que ce soit en<a href=\"http:\/\/cours-de-guitare-aix-en-provence.fr\/index.php\/cours-de-guitare-debutant\/\"> cours de guitare d\u00e9butant<\/a> ou confirm\u00e9,\u00a0\u00a0<a href=\"http:\/\/cours-de-guitare-aix-en-provence.fr\/index.php\/cours-de-guitare-acoustique\/\">acoustique<\/a>\u00a0ou\u00a0<a href=\"http:\/\/cours-de-guitare-aix-en-provence.fr\/index.php\/apprendre-guitare-electrique\/\">\u00e9lectrique<\/a><a href=\"http:\/\/cours-de-guitare-aix-en-provence.fr\/index.php\/cours-de-guitare-classique\/\">, classique<\/a>\u00a0ou\u00a0<a href=\"http:\/\/cours-de-guitare-aix-en-provence.fr\/index.php\/cours-guitare-jazz\/\">jazz<\/a>,\u00a0vous d\u00e9veloppez\u00a0votre oreille et sens du rythme en jouant sur des s\u00e9quences musicales.\u00a0Je vous entra\u00eene aux accords typiques par exemple, aux gammes li\u00e9es au morceau choisi, aux plans importants&#8230; <\/p>\n\n\n\n<p><\/p>\n\n\n\n<p><\/p>\n\n\n\n<h2>Comment choisir vos cours de guitare Aix-en-Provence ?<\/h2>\n\n\n\n<p>M\u00eame d\u00e9butant, jouer avec d&rsquo;autres musiciens est primordial ! <strong>De simples choses et plaisantes ! <\/strong>Et puis on <strong>progresse par \u00e9tapes<\/strong>&#8230; Et le faire en plus avec un prof exp\u00e9riment\u00e9 est pr\u00e9cieux pour l&rsquo;apprentissage de la musique et du rythme en particulier. <\/p>\n\n\n\n<p>Dans un premier temps, mon r\u00f4le est de vous mettre \u00e0 l&rsquo;aise, et de d\u00e9sacraliser l&rsquo;instrument. Je consid\u00e8re mon \u00e9l\u00e8ve comme musicien, c&rsquo;est-\u00e0-dire dot\u00e9 d&rsquo;une oreille \u00e0 cultiver. Je vous <strong>donne confiance<\/strong>, et <strong>vous donne le meilleur en \u00e9tant \u00e0 votre \u00e9coute. <\/strong>Voil\u00e0 le socle des cours de guitare Aix-en-Provence. <\/p>\n\n\n\n<p>J&rsquo;arrange et simplifie chaque morceau qui vous plait, complexe ou pas, trouvant \u00e0 chaque fois un int\u00e9r\u00eat p\u00e9dagogique certain. Cela permet \u00e0 l&rsquo;\u00e9l\u00e8ve-musicien de jouer avec le prof, sans contrainte de niveaux ou de cases, mis \u00e0 part celles de la guitare bien-s\u00fbr.   <\/p>\n\n\n\n<h2>L&rsquo;objectif des cours de guitare Aix-en-Provence<\/h2>\n\n\n\n<p>Mon m\u00e9tier est de vous apprendre \u00e0 jouer de la guitare de mani\u00e8re plaisante, mais pas que. A la tenue de la guitare, placement de la main, travail de l&rsquo;oreille par le jeu, s&rsquo;ajoute aussi la <strong>transmission des r\u00e9flexes et une m\u00e9thode d&rsquo;approche applicable \u00e0 chaque nouveau morceau <\/strong>que vous aborderez. <\/p>\n\n\n\n<p>Je vous entra\u00eene par \u00e9tapes en d\u00e9construisant un morceau en diff\u00e9rentes parties plus digestes, pr\u00e9texte pour transmettre simplement les bons gestes, comme les transitions d&rsquo;accords notamment. L&rsquo;objectif est de vous rendre autonome pour que vous puissiez aborder gr\u00e2ce \u00e0 cette m\u00e9thode vertueuse tous vos morceaux pr\u00e9f\u00e9r\u00e9s, et ce, dans diff\u00e9rents styles !<\/p>\n\n\n\n<p>Les cours guitare  Aix-en-Provence&nbsp;d\u00e9butent par l&rsquo;importance de la tenue de la guitare, une bonne position du corps et de la main gauche permet d&rsquo;\u00eatre \u00e0 l&rsquo;aise. Ces pr\u00e9requis optimisent vos efforts r\u00e9p\u00e9t\u00e9s et assurent une vraie progression en souplesse. Je vous fournis des outils cl\u00e9 en main que j&rsquo;ai con\u00e7us sp\u00e9cialement : une<strong> fiche d&rsquo;\u00e9chauffement<\/strong>, <strong>une fiche p\u00e9dagogique originale <em>&nbsp;\u00ab\u00a0Une couleur, une note<\/em><\/strong>\u00a0\u00bb&nbsp;d\u00e9di\u00e9e pour accorder la guitare, toujours utile vous verrez,<strong>&nbsp;la fiche avec les accords du morceau en cours et tablatures<\/strong> (solf\u00e8ge si d\u00e9sir\u00e9),&nbsp;ainsi que toutes les <strong>annotations ajout\u00e9es durant le cours<\/strong>&nbsp;qui&nbsp;vous sont utiles !<\/p>\n\n\n\n<p>En cours guitare Aix-en-Provence, vous d\u00e9veloppez votre oreille en jouant vos morceaux pr\u00e9f\u00e9r\u00e9s ainsi que d&rsquo;autres adapt\u00e9s \u00e0 votre niveau : blues, folk, rock, chanson fran\u00e7aise ou classique, jazz, bossa-nova. J Musicalement.<\/p>\n\n\n\n<p><\/p>\n","protected":false},"excerpt":{"rendered":"<p>Bienvenu Bienvenue Welcome Bienvenida Cours de guitare Aix-en-Provence C\u00e9dric Lacoste, professeur particulier,\u00a0donne des Cours de guitare Aix-en-Provence, acoustique et \u00e9lectrique dans son Home studio. Je vous\u00a0propose des cours guitare gr\u00e2ce \u00e0 une m\u00e9thode \u00e9labor\u00e9e sur vingt ans, plaisante et adapt\u00e9e \u00e0 chacun. Professeur en \u00c9cole de musique municipale d\u2019Aix-en-Provence et \u00c9cole Yamaha, les animations musicales [&hellip;]<\/p>\n","protected":false},"author":1,"featured_media":0,"parent":0,"menu_order":0,"comment_status":"closed","ping_status":"closed","template":"","meta":[],"_links":{"self":[{"href":"https:\/\/cours-de-guitare-aix-en-provence.fr\/index.php\/wp-json\/wp\/v2\/pages\/724"}],"collection":[{"href":"https:\/\/cours-de-guitare-aix-en-provence.fr\/index.php\/wp-json\/wp\/v2\/pages"}],"about":[{"href":"https:\/\/cours-de-guitare-aix-en-provence.fr\/index.php\/wp-json\/wp\/v2\/types\/page"}],"author":[{"embeddable":true,"href":"https:\/\/cours-de-guitare-aix-en-provence.fr\/index.php\/wp-json\/wp\/v2\/users\/1"}],"replies":[{"embeddable":true,"href":"https:\/\/cours-de-guitare-aix-en-provence.fr\/index.php\/wp-json\/wp\/v2\/comments?post=724"}],"version-history":[{"count":15,"href":"https:\/\/cours-de-guitare-aix-en-provence.fr\/index.php\/wp-json\/wp\/v2\/pages\/724\/revisions"}],"predecessor-version":[{"id":1044,"href":"https:\/\/cours-de-guitare-aix-en-provence.fr\/index.php\/wp-json\/wp\/v2\/pages\/724\/revisions\/1044"}],"wp:attachment":[{"href":"https:\/\/cours-de-guitare-aix-en-provence.fr\/index.php\/wp-json\/wp\/v2\/media?parent=724"}],"curies":[{"name":"wp","href":"https:\/\/api.w.org\/{rel}","templated":true}]}}