{"id":584,"date":"2018-09-30T18:53:17","date_gmt":"2018-09-30T17:53:17","guid":{"rendered":"http:\/\/cours-de-guitare-aix-en-provence.fr\/?page_id=584"},"modified":"2023-05-21T18:23:52","modified_gmt":"2023-05-21T17:23:52","slug":"cours-de-guitare-aix-en-provence","status":"publish","type":"page","link":"https:\/\/cours-de-guitare-aix-en-provence.fr\/index.php\/cours-de-guitare-aix-en-provence\/","title":{"rendered":"Cours de guitare aix"},"content":{"rendered":"<div id=\"attachment_526\" style=\"width: 277px\" class=\"wp-caption alignnone\"><img aria-describedby=\"caption-attachment-526\" loading=\"lazy\" class=\"size-full wp-image-526\" src=\"http:\/\/cours-de-guitare-aix-en-provence.fr\/wp-content\/uploads\/2018\/08\/Guitar-Lessons.png\" alt=\"cours de guitare aix en provence\" width=\"267\" height=\"200\" \/><p id=\"caption-attachment-526\" class=\"wp-caption-text\">cours de guitare aix\u00a0<\/p><\/div><h1 class=\"sc_title sc_title_regular\">Cours de guitare aix tous niveaux tous styles<\/h1><br \/>\nC\u00e9dric Lacoste, professeur depuis vingt ans de guitare acoustique et \u00e9lectrique. Professeur de guitare en Ecole de musique municipale et Ecole Yamaha, je vous propose des cours de guitare dans mon home studio gr\u00e2ce \u00e0 une m\u00e9thode qui vous est personnalis\u00e9e et plaisante.<\/p>\n<h2>\u00a0Cours de guitare sur mesure<\/h2>\n<p>Les cours vous sont d\u00e9di\u00e9s, c&rsquo;est pourquoi nous prenons le temps de pr\u00e9ciser ensemble vos pr\u00e9f\u00e9rences musicales. Cela me permet de vous proposer du contenu en ad\u00e9quation avec vos envies. Vous mettre \u00e0 l&rsquo;aise et partir de vos go\u00fbts pour r\u00e9aliser vos r\u00eaves de guitariste !<\/p>\n<p>Mais si vous n&rsquo;avez simplement pas d&rsquo;id\u00e9e pr\u00e9cise, Vous aurez le choix. Je peux vous jouer un \u00e9ventail de styles ou morceaux pour vous aider \u00e0 choisir une direction et vous conseiller \u00e9galement sur le choix de la guitare&#8230; Voir \u00e0 ce propos <a href=\"http:\/\/cours-de-guitare-aix-en-provence.fr\/index.php\/cours-de-guitare-debutant\/\">cours de guitare d\u00e9butant : une chance !<\/a>\u00a0 ou allez directement \u00e0<a href=\"http:\/\/cours-de-guitare-aix-en-provence.fr\/index.php\/cours-de-guitare-enfant\/\"> Cours de guitare enfant<\/a>,\u00a0\u00a0<a href=\"http:\/\/cours-de-guitare-aix-en-provence.fr\/index.php\/cours-de-gratte-ados\/\">Cours de gratte ados<\/a>, <a href=\"http:\/\/cours-de-guitare-aix-en-provence.fr\/index.php\/cours-guitare-adulte\/\">\u00a0Cours guitare adulte<\/a>, ou encore\u00a0<a href=\"http:\/\/cours-de-guitare-aix-en-provence.fr\/index.php\/apprendre-guitare-electrique\/\">Cours guitare \u00e9lectrique<\/a>,\u00a0 et\u00a0<a href=\"http:\/\/cours-de-guitare-aix-en-provence.fr\/index.php\/cours-guitare-jazz\/\">Cours guitare jazz<\/a>.<\/p>\n<h2>D\u00e9roulement du cours de guitare aix<\/h2>\n<p>En cours de guitare aix, vous d\u00e9veloppez votre oreille et sens du rythme que vous soyez d\u00e9butant ou confirm\u00e9.\u00a0 Vous jouez simplement avec le professeur sur des pistes d\u2019accompagnement. Puis vous\u00a0 interpr\u00e9tez vos morceaux pr\u00e9f\u00e9r\u00e9s originaux ou r\u00e9arrang\u00e9s par mes soins pour vous \u00eatre accessibles. Comme la fiche originale<strong><em> U<\/em><em>ne couleur une note<\/em> ,<\/strong> donnant les \u00e9tapes utiles\u00a0pour\u00a0accorder la guitare \u00e0 l&rsquo;oreille, tous les documents p\u00e9dagogiques sont offerts\u00a0et adapt\u00e9s au niveau de chacun.<\/p>\n<p>Diff\u00e9rents moments rythment le cours de guitare aix\u00a0 : \u00e9chauffement, gammes, suite d\u2019accords et plans sont jou\u00e9s sur diverses s\u00e9quences p\u00e9dagogiques avec tablatures (et solf\u00e8ge si d\u00e9sir\u00e9) en rapport avec le morceau choisi, et enfin jeu de r\u00f4le (accompagnateur\/m\u00e9lodiste) avec <a href=\"http:\/\/cours-de-guitare-aix-en-provence.fr\/index.php\/prof-guitare\/\">le prof<\/a>\u00a0sur tout ou partie du morceau : blues, folk, rock, chanson fran\u00e7aise ou classique, jazz et bossa-nova.<br \/>\nEn cours de guitare individuel (<a href=\"http:\/\/cours-de-guitare-aix-en-provence.fr\/index.php\/cours-de-guitare-binome\/\">ou de groupe: le professeur et deux guitaristes<\/a>)\u00a0 le plaisir de jouer avec le prof vous motive\u00a0et vous permet de progresser \u00e0 votre rythme. Musicalement.<\/p>\n","protected":false},"excerpt":{"rendered":"<p>C\u00e9dric Lacoste, professeur depuis vingt ans de guitare acoustique et \u00e9lectrique. Professeur de guitare en Ecole de musique municipale et Ecole Yamaha, je vous propose des cours de guitare dans mon home studio gr\u00e2ce \u00e0 une m\u00e9thode qui vous est personnalis\u00e9e et plaisante. \u00a0Cours de guitare sur mesure Les cours vous sont d\u00e9di\u00e9s, c&rsquo;est pourquoi [&hellip;]<\/p>\n","protected":false},"author":1,"featured_media":0,"parent":0,"menu_order":0,"comment_status":"closed","ping_status":"closed","template":"","meta":[],"_links":{"self":[{"href":"https:\/\/cours-de-guitare-aix-en-provence.fr\/index.php\/wp-json\/wp\/v2\/pages\/584"}],"collection":[{"href":"https:\/\/cours-de-guitare-aix-en-provence.fr\/index.php\/wp-json\/wp\/v2\/pages"}],"about":[{"href":"https:\/\/cours-de-guitare-aix-en-provence.fr\/index.php\/wp-json\/wp\/v2\/types\/page"}],"author":[{"embeddable":true,"href":"https:\/\/cours-de-guitare-aix-en-provence.fr\/index.php\/wp-json\/wp\/v2\/users\/1"}],"replies":[{"embeddable":true,"href":"https:\/\/cours-de-guitare-aix-en-provence.fr\/index.php\/wp-json\/wp\/v2\/comments?post=584"}],"version-history":[{"count":33,"href":"https:\/\/cours-de-guitare-aix-en-provence.fr\/index.php\/wp-json\/wp\/v2\/pages\/584\/revisions"}],"predecessor-version":[{"id":1058,"href":"https:\/\/cours-de-guitare-aix-en-provence.fr\/index.php\/wp-json\/wp\/v2\/pages\/584\/revisions\/1058"}],"wp:attachment":[{"href":"https:\/\/cours-de-guitare-aix-en-provence.fr\/index.php\/wp-json\/wp\/v2\/media?parent=584"}],"curies":[{"name":"wp","href":"https:\/\/api.w.org\/{rel}","templated":true}]}}