{"id":321,"date":"2018-08-06T20:52:27","date_gmt":"2018-08-06T19:52:27","guid":{"rendered":"http:\/\/cours-de-guitare-aix-en-provence.fr\/?page_id=321"},"modified":"2018-08-25T13:44:34","modified_gmt":"2018-08-25T12:44:34","slug":"cours-de-guitare-binome","status":"publish","type":"page","link":"https:\/\/cours-de-guitare-aix-en-provence.fr\/index.php\/cours-de-guitare-binome\/","title":{"rendered":"Cours de guitare en bin\u00f4me (deux \u00e9l\u00e8ves)"},"content":{"rendered":"<p class=\"justify\">Objectif num\u00e9ro 1 du cours de guitare\u00a0en bin\u00f4me : le plaisir de jouer !\u00a0En l&rsquo;occurrence deux guitariste avec le prof, le jeu \u00e9tant n\u00e9cessaire dans toutes formes d&rsquo;apprentissage. Pour cela, je propose diff\u00e9rents morceaux dans diff\u00e9rents styles\u00a0en donnant une fiche \u00e0 chacun(e) regroupant texte, accords, annotations personnalis\u00e9es, tablature et\/ou solf\u00e8ge suivant l&rsquo;\u00e9l\u00e8ve. J&rsquo;arrange tout ou partie de vos morceaux pr\u00e9f\u00e9r\u00e9s pour\u00a0que nous puissions les jouer ensemble.<\/p>\n<p class=\"justify\">exemple: un guitariste joue ligne m\u00e9lodique simple (ou note tenue type voicing) et le deuxi\u00e8me joue en accords en premi\u00e8re position. Le prof fait des appels pour faire repartir l&rsquo;uin et l&rsquo;autre ensemble ou s\u00e9par\u00e9mment. Cela induit une \u00e9coute accrue de la part des \u00e9l\u00e8ves qui rapidement\u00a0d\u00e9veloppent capacit\u00e9s propres aux musocens d&rsquo;\u00e9couter les autres musiciens tout en jouant (cerveau droit et cerveau gauche communique alors\u00a0 Si le premier a un epartie plus simple , cela n&#8217;emp\u00eache qu&rsquo;il doit se concenter sur le rythme, et le deuxi\u00e8me de faire sonner ses accords. Toute cette proc\u00e9dure regrouopant sequence rythmant coursvoue l&rsquo;\u00e9l\u00e8ve \u00e0 entrer de plein pied en musique e donc \u00e0 prendre du plaisir par l&rsquo;\u00e9chenge musical et humain (les deux sont li\u00e9s) et les motivent<\/p>\n<p class=\"justify\">C&rsquo;est la plaisir de jouer qui les fai progresser rapidement<\/p>\n<p class=\"justify\">Cours de guitare en bin\u00f4me peut int\u00e9grer avec un bassiste pour entendre le son d&rsquo;un groupe et se placer apprendre \u00e0 \u00e9couter \u00e0 avoir des r\u00e9flexes de musicien en somme<\/p>\n<p class=\"justify\">Jouer de la musique est un partage avant tout, c&rsquo;est donc mieux de jouer \u00e0 deux avec le prof pour apprendre !<\/p>\n<p class=\"justify\">Objectif num\u00e9ro 2 du cours de guitare\u00a0en bin\u00f4me : fournir une m\u00e9thode efficace pour aborder seul diff\u00e9rents styles. Apporter des outils techniques mais aussi harmoniques, et notamment par l&rsquo;exercice de l&rsquo;oreille. Ces outils sont en effet tr\u00e8s utiles\u00a0pour faire les liens avec la connaissance du manche, et bien-s\u00fbr pour que l&rsquo;\u00e9l\u00e8ve puisse \u00eatre autonome \u00e0 terme dans l&rsquo;\u00e9tude de ses morceaux pr\u00e9f\u00e9r\u00e9s.<\/p>\n<p class=\"justify\">Ce type de cours en bin\u00f4me est un\u00a0travail d&rsquo;\u00e9coute et d&rsquo;animation\u00a0<strong>Centre Paris-Bercy YAMAHA<\/strong>\u00a0Formation p\u00e9dagogique en\u00a0<strong>2008<\/strong>\u00a0d\u00e9di\u00e9 aux professeurs de guitare\u00a0<strong>acoustique et \u00e9lectrique<\/strong>, m\u00e9thode reposant sur l\u2019\u00e9coute, l\u2019imitation et l&rsquo;enseignement collectif de la guitare classique, folk et \u00e9lectrique o\u00f9 le professeur enseigne et joue avec le ou les \u00e9l\u00e8ves sans solf\u00e8ge\u00a0<strong>Ecole Yamaha de Peyrolles\u00a0<\/strong>2008 cours de guitare acoustique et \u00e9lectrique (enfants ados adultes) en cours individuel et collectifs jusqu&rsquo;\u00e0 quatre \u00e9l\u00e8ves (un bin\u00f4me me semble pr\u00e9f\u00e9rable aujourd&rsquo;hui) , et encadre le concert de fin d\u2019ann\u00e9e des \u00e9l\u00e8ves.<\/p>\n<p class=\"justify\">Titulaire du\u00a0<strong>B.A.F.A.<\/strong>\u00a0(Brevet d&rsquo;Aptitude aux Fonctions d&rsquo; Animateur, option<strong>\u00a0A.F.P.S<\/strong>\u00a0premiers secours r\u00e9actualis\u00e9 par l\u2019obtention \u00e0 la croix rouge Fran\u00e7aise du\u00a0<strong>PSC1 en 2017<\/strong>,\u00a0<strong>animateur enfants<\/strong>\u00a0(4 &#8211; 12 ans) et ados en village vacances France et \u00e9tranger dont Bulgarie, j\u2019ai eu l\u2019occasion de cr\u00e9er divers spectacles avec des enfants, ados et adultes, d&rsquo;animer des ateliers de cr\u00e9ation d&rsquo; instruments, et d\u2019accompagner\u00a0toutes les tranches d\u2019\u00e2ge dans la cr\u00e9ation de spectacles musicaux vari\u00e9s dont spectacles \u00e0 th\u00e8me type cabaret o\u00f9 les musiciens en herbe on pu se produire sur sc\u00e8ne. <a href=\"http:\/\/cours-de-guitare-aix-en-provence.fr\/index.php\/tarifs-cours-de-guitare\/\">Voir les tarifs des cours de guitare en bin\u00f4me<\/a>.<\/p>\n","protected":false},"excerpt":{"rendered":"<p>Objectif num\u00e9ro 1 du cours de guitare\u00a0en bin\u00f4me : le plaisir de jouer !\u00a0En l&rsquo;occurrence deux guitariste avec le prof, le jeu \u00e9tant n\u00e9cessaire dans toutes formes d&rsquo;apprentissage. Pour cela, je propose diff\u00e9rents morceaux dans diff\u00e9rents styles\u00a0en donnant une fiche \u00e0 chacun(e) regroupant texte, accords, annotations personnalis\u00e9es, tablature et\/ou solf\u00e8ge suivant l&rsquo;\u00e9l\u00e8ve. J&rsquo;arrange tout ou [&hellip;]<\/p>\n","protected":false},"author":1,"featured_media":0,"parent":0,"menu_order":0,"comment_status":"closed","ping_status":"closed","template":"","meta":[],"_links":{"self":[{"href":"https:\/\/cours-de-guitare-aix-en-provence.fr\/index.php\/wp-json\/wp\/v2\/pages\/321"}],"collection":[{"href":"https:\/\/cours-de-guitare-aix-en-provence.fr\/index.php\/wp-json\/wp\/v2\/pages"}],"about":[{"href":"https:\/\/cours-de-guitare-aix-en-provence.fr\/index.php\/wp-json\/wp\/v2\/types\/page"}],"author":[{"embeddable":true,"href":"https:\/\/cours-de-guitare-aix-en-provence.fr\/index.php\/wp-json\/wp\/v2\/users\/1"}],"replies":[{"embeddable":true,"href":"https:\/\/cours-de-guitare-aix-en-provence.fr\/index.php\/wp-json\/wp\/v2\/comments?post=321"}],"version-history":[{"count":6,"href":"https:\/\/cours-de-guitare-aix-en-provence.fr\/index.php\/wp-json\/wp\/v2\/pages\/321\/revisions"}],"predecessor-version":[{"id":379,"href":"https:\/\/cours-de-guitare-aix-en-provence.fr\/index.php\/wp-json\/wp\/v2\/pages\/321\/revisions\/379"}],"wp:attachment":[{"href":"https:\/\/cours-de-guitare-aix-en-provence.fr\/index.php\/wp-json\/wp\/v2\/media?parent=321"}],"curies":[{"name":"wp","href":"https:\/\/api.w.org\/{rel}","templated":true}]}}