{"id":318,"date":"2018-08-06T20:50:14","date_gmt":"2018-08-06T19:50:14","guid":{"rendered":"http:\/\/cours-de-guitare-aix-en-provence.fr\/?page_id=318"},"modified":"2022-11-29T22:21:41","modified_gmt":"2022-11-29T21:21:41","slug":"cours-de-basse-aix-en-provence","status":"publish","type":"page","link":"https:\/\/cours-de-guitare-aix-en-provence.fr\/index.php\/cours-de-basse-aix-en-provence\/","title":{"rendered":"cours de basse aix-en-provence"},"content":{"rendered":"<p><h1 class=\"sc_title sc_title_regular\">Pourquoi prendre des cours de basse aix-en-provence ?<\/h1> La basse constitue avec la batterie la base harmo-rythmique d&rsquo;un morceau. Subtile,\u00a0 c\u2019est l\u2019instrument qui permet de rythmer un morceau, compl\u00e9mentaire de la guitare \u00e9lectrique en donnant une couleur et un style au morceau.<\/p>\n<p><h2 class=\"sc_title sc_title_regular\">Que jouons-nous en cours de basse aix-en-provence ?<\/h2> Nous jouons les morceaux de ton choix avec le prof seul (m\u00eame tarif que les cours guitare).\u00a0 Outils techniques : harmonie, arp\u00e8ges,\u00a0 rythmique, walking bass&#8230; Et accompagnement par le prof.<\/p>\n<p><h2 class=\"sc_title sc_title_regular\">Pourquoi prendre des cours de basse aix-en-provence avec un guitariste ?<\/h2> Un cours collectif (bin\u00f4me avec le prof) r\u00e9unis ici un bassiste et un guitariste s&rsquo;ils sont compl\u00e9mentaires.\u00a0 Une sensibilit\u00e9 similaire et une attirance pour les m\u00eames styles permet un apprentissage efficace : on se fait plaisir sur des s\u00e9quences musicales rythmant un tiers du cours, puis un ou deux morceaux sont jou\u00e9s ensemble. Pr\u00e9textes \u00e0 aborder les acquisitions harmoniques et les plans rythmiques typiques.<\/p>\n<p>Des moments d\u2019improvisation en cours de basse : ces \u00e9changes vous invitent \u00e0 jouer&#8230; et \u00e0 vous approprier les arp\u00e8ges notamment, outils indispensables \u00e0 la pratique de la basse. Musicalement.<\/p>\n","protected":false},"excerpt":{"rendered":"<p>La basse constitue avec la batterie la base harmo-rythmique d&rsquo;un morceau. Subtile,\u00a0 c\u2019est l\u2019instrument qui permet de rythmer un morceau, compl\u00e9mentaire de la guitare \u00e9lectrique en donnant une couleur et un style au morceau. Nous jouons les morceaux de ton choix avec le prof seul (m\u00eame tarif que les cours guitare).\u00a0 Outils techniques : harmonie, [&hellip;]<\/p>\n","protected":false},"author":1,"featured_media":0,"parent":0,"menu_order":0,"comment_status":"closed","ping_status":"closed","template":"","meta":[],"_links":{"self":[{"href":"https:\/\/cours-de-guitare-aix-en-provence.fr\/index.php\/wp-json\/wp\/v2\/pages\/318"}],"collection":[{"href":"https:\/\/cours-de-guitare-aix-en-provence.fr\/index.php\/wp-json\/wp\/v2\/pages"}],"about":[{"href":"https:\/\/cours-de-guitare-aix-en-provence.fr\/index.php\/wp-json\/wp\/v2\/types\/page"}],"author":[{"embeddable":true,"href":"https:\/\/cours-de-guitare-aix-en-provence.fr\/index.php\/wp-json\/wp\/v2\/users\/1"}],"replies":[{"embeddable":true,"href":"https:\/\/cours-de-guitare-aix-en-provence.fr\/index.php\/wp-json\/wp\/v2\/comments?post=318"}],"version-history":[{"count":22,"href":"https:\/\/cours-de-guitare-aix-en-provence.fr\/index.php\/wp-json\/wp\/v2\/pages\/318\/revisions"}],"predecessor-version":[{"id":1015,"href":"https:\/\/cours-de-guitare-aix-en-provence.fr\/index.php\/wp-json\/wp\/v2\/pages\/318\/revisions\/1015"}],"wp:attachment":[{"href":"https:\/\/cours-de-guitare-aix-en-provence.fr\/index.php\/wp-json\/wp\/v2\/media?parent=318"}],"curies":[{"name":"wp","href":"https:\/\/api.w.org\/{rel}","templated":true}]}}