{"id":146,"date":"2017-10-01T15:06:04","date_gmt":"2017-10-01T14:06:04","guid":{"rendered":"http:\/\/cours-de-guitare-aix-en-provence.fr\/?page_id=146"},"modified":"2025-07-06T01:35:10","modified_gmt":"2025-07-06T00:35:10","slug":"tarifs-cours-de-guitare","status":"publish","type":"page","link":"https:\/\/cours-de-guitare-aix-en-provence.fr\/index.php\/tarifs-cours-de-guitare\/","title":{"rendered":"Tarifs cours de guitare"},"content":{"rendered":"<h3 style=\"text-align: center;\"><strong>\u00a0 \u00a0 \u00a0<span style=\"color: #325c4b;\"> \u00a0<\/span><\/strong><span style=\"color: #325c4b;\"><strong>Tarifs cours de guitare 2025\/2026<\/strong><\/span><\/h3>\n<h4><span style=\"color: #325c4b;\"><strong>C\u00e9dric Lacoste\u00a0 <\/strong><strong>06 79 65 19 76<\/strong><\/span><\/h4>\n<div id=\"attachment_888\" style=\"width: 310px\" class=\"wp-caption alignright\"><img aria-describedby=\"caption-attachment-888\" loading=\"lazy\" class=\"wp-image-888 size-medium\" src=\"http:\/\/cours-de-guitare-aix-en-provence.fr\/wp-content\/uploads\/2020\/08\/cours-de-guitare-aix-en-provence-300x209.jpg\" alt=\"cours de guitare aix-en-provence\" width=\"300\" height=\"209\" srcset=\"https:\/\/cours-de-guitare-aix-en-provence.fr\/wp-content\/uploads\/2020\/08\/cours-de-guitare-aix-en-provence-300x209.jpg 300w, https:\/\/cours-de-guitare-aix-en-provence.fr\/wp-content\/uploads\/2020\/08\/cours-de-guitare-aix-en-provence.jpg 684w\" sizes=\"(max-width: 300px) 100vw, 300px\" \/><p id=\"caption-attachment-888\" class=\"wp-caption-text\">cours de guitare aix-en-provence<\/p><\/div>\n<p><strong><u>Cours d&rsquo; 1 heure ou 2\/semaine, le mercredi <\/u><\/strong><\/p>\n<p><strong><u>(<\/u><\/strong><strong><u>possibilit\u00e9 semaine <\/u><\/strong><strong><u>en soir\u00e9e<\/u><\/strong><strong><u>), <\/u><u>toute l\u2019ann\u00e9e<\/u><u>\u00a0<\/u><\/strong><\/p>\n<p><strong><u>Cours individuel<\/u><\/strong><strong><u>\u00a0:<em>\u00a0\u00a0<\/em><\/u><\/strong><em><u>35\u20ac \/heure \u00a0<\/u><\/em><\/p>\n<p><strong><u>Forfait 4 heures am\u00e9nageables 140 \u20ac<\/u><\/strong><u>\u00a0<\/u><em><u>soit 35\u20ac \/h.<\/u><\/em><\/p>\n<p><strong><u>Tarif \u00e0 l\u2019heure cours de groupe (2 guitares, guit\/basse) :<\/u><\/strong><u> 27<\/u><em><u> euros\u00a0\u00a0<\/u><\/em><\/p>\n<p><u><strong>Forfait 4 heures am\u00e9nageables 96 \u20ac<\/strong><\/u><em><u> soit 24\u20ac \/h.<\/u><\/em><\/p>\n<p><em><u>(Documents compris)<\/u><\/em><\/p>\n<p>Villa Toscan,\u00a0 46 chemin de Beauregard 13100 Aix-en-Provence<br \/>\n<em><strong>Itin\u00e9raire: <\/strong><b> <\/b>\u00e0 500 m du centre, prendre cours des Arts et M\u00e9tiers, passer devant le lyc\u00e9e C\u00e9zanne, au feu prendre \u00e0 gauche <\/em><br \/>\n<em>puis suivre route qui tourne \u00e0 droite et 50m. apr\u00e8s le petit rond-point : Villa Toscan, vous y \u00eates ! ou <\/em><em><b>bus N\u00b06<\/b> Arr\u00eat<b> Chopin<\/b><\/em><\/p>\n<p><iframe loading=\"lazy\" style=\"border: 0;\" src=\"https:\/\/www.google.com\/maps\/embed?pb=!1m18!1m12!1m3!1d2892.4126728807455!2d5.464269515863096!3d43.53543897912543!2m3!1f0!2f0!3f0!3m2!1i1024!2i768!4f13.1!3m3!1m2!1s0x12c98dc55baa04b1%3A0x86250270e83d649!2s46+Chemin+de+Beauregard%2C+13100+Aix-en-Provence!5e0!3m2!1sfr!2sfr!4v1544110796331\" width=\"600\" height=\"450\" frameborder=\"0\" allowfullscreen=\"allowfullscreen\"><\/iframe><\/p>\n<p><strong><em><u>Contact: \u00a0\u00a0<\/u><\/em><\/strong><strong><em><u>06 79 65 19 76\u00a0<\/u><\/em><\/strong><strong><em>\u00a0\u00a0<\/em><\/strong><\/p>\n<p>cours de guitare aix-en-provence<\/p>\n","protected":false},"excerpt":{"rendered":"<p>\u00a0 \u00a0 \u00a0 \u00a0Tarifs cours de guitare 2025\/2026 C\u00e9dric Lacoste\u00a0 06 79 65 19 76 Cours d&rsquo; 1 heure ou 2\/semaine, le mercredi (possibilit\u00e9 semaine en soir\u00e9e), toute l\u2019ann\u00e9e\u00a0 Cours individuel\u00a0:\u00a0\u00a035\u20ac \/heure \u00a0 Forfait 4 heures am\u00e9nageables 140 \u20ac\u00a0soit 35\u20ac \/h. Tarif \u00e0 l\u2019heure cours de groupe (2 guitares, guit\/basse) : 27 euros\u00a0\u00a0 Forfait 4 [&hellip;]<\/p>\n","protected":false},"author":1,"featured_media":0,"parent":0,"menu_order":0,"comment_status":"closed","ping_status":"closed","template":"","meta":[],"_links":{"self":[{"href":"https:\/\/cours-de-guitare-aix-en-provence.fr\/index.php\/wp-json\/wp\/v2\/pages\/146"}],"collection":[{"href":"https:\/\/cours-de-guitare-aix-en-provence.fr\/index.php\/wp-json\/wp\/v2\/pages"}],"about":[{"href":"https:\/\/cours-de-guitare-aix-en-provence.fr\/index.php\/wp-json\/wp\/v2\/types\/page"}],"author":[{"embeddable":true,"href":"https:\/\/cours-de-guitare-aix-en-provence.fr\/index.php\/wp-json\/wp\/v2\/users\/1"}],"replies":[{"embeddable":true,"href":"https:\/\/cours-de-guitare-aix-en-provence.fr\/index.php\/wp-json\/wp\/v2\/comments?post=146"}],"version-history":[{"count":34,"href":"https:\/\/cours-de-guitare-aix-en-provence.fr\/index.php\/wp-json\/wp\/v2\/pages\/146\/revisions"}],"predecessor-version":[{"id":1091,"href":"https:\/\/cours-de-guitare-aix-en-provence.fr\/index.php\/wp-json\/wp\/v2\/pages\/146\/revisions\/1091"}],"wp:attachment":[{"href":"https:\/\/cours-de-guitare-aix-en-provence.fr\/index.php\/wp-json\/wp\/v2\/media?parent=146"}],"curies":[{"name":"wp","href":"https:\/\/api.w.org\/{rel}","templated":true}]}}