{"id":143,"date":"2017-10-01T14:57:48","date_gmt":"2017-10-01T13:57:48","guid":{"rendered":"http:\/\/cours-de-guitare-aix-en-provence.fr\/?page_id=143"},"modified":"2019-09-15T16:23:15","modified_gmt":"2019-09-15T15:23:15","slug":"prof-guitare","status":"publish","type":"page","link":"https:\/\/cours-de-guitare-aix-en-provence.fr\/index.php\/prof-guitare\/","title":{"rendered":"Prof guitare Aix \u00e0 l&rsquo;\u00e9coute"},"content":{"rendered":"<h1 class=\"pb40 text-center txt-brown\">Formation musicale, parcours et objectifs p\u00e9dagogiques du prof guitare, C\u00e9dric Lacoste<\/h1>\n<ul>\n<li><strong>Ecole municipale de Morzine :<\/strong> apprentissage du solf\u00e8ge, cor et saxophone<\/li>\n<li><strong>Ecole de musique Grenoble<\/strong>, guitare classique, prof guitare : M Jorris<\/li>\n<li><strong>Ecole de musique d&rsquo;Arles<\/strong>, guitare classique\u00a0<strong>troisi\u00e8me cycle valid\u00e9<\/strong><\/li>\n<li><b>Conservatoire d&rsquo;Avignon,\u00a0<\/b>\u00a0avec prof guitare pour <strong>pr\u00e9paration m\u00e9daille d&rsquo;or<\/strong><\/li>\n<li><strong>Conservatoire de Manosque, <\/strong>section<strong> jazz.<\/strong><\/li>\n<li><strong>Centre Paris-Bercy YAMAHA<\/strong> Formation p\u00e9dagogique en <strong>2008<\/strong> d\u00e9di\u00e9 aux professeurs de guitare <strong>acoustique et \u00e9lectrique<\/strong>, m\u00e9thode reposant sur l\u2019\u00e9coute, l\u2019imitation et l&rsquo;enseignement collectif de la guitare classique, folk et \u00e9lectrique o\u00f9 le professeur enseigne et joue avec le ou les \u00e9l\u00e8ves sans solf\u00e8ge\u2026<\/li>\n<\/ul>\n<h2>Parcours et actualit\u00e9s du prof guitare aix<\/h2>\n<ul>\n<li><strong>Prof guitare Aix depuis 1998\u00a0<\/strong><\/li>\n<li><strong>2006-2008\u00a0 Ecole de Musique Municipale d&rsquo;Aix-en-Provence : <\/strong>prof guitare enfants ados et adultes accompagnement technique et p\u00e9dagogique lors des auditions de fin d\u2019ann\u00e9e.<\/li>\n<\/ul>\n<ul>\n<li><strong>2008-2010 Ecole Yamaha de Peyrolles : <\/strong>cours de guitare acoustique et \u00e9lectrique (enfants ados adultes) en cours individuel et collectifs, et encadre le concert de fin d\u2019ann\u00e9e des \u00e9l\u00e8ves.<\/li>\n<\/ul>\n<ul>\n<li><strong>2011 : ouverture de mon Atelier : <\/strong>Prof guitare aix <strong>(acoustique, \u00e9lectrique et basse), <\/strong>enfants ados adultes en <strong>cours individuel et collectifs,<\/strong> rue du Puit neuf, Aix-en-Provence.<\/li>\n<\/ul>\n<ul>\n<li><strong>Compositeur<\/strong> (guitare acoustique, \u00e9lectrique et M.A.O.) de titres d\u2019influences multiples dont celle de la chanson fran\u00e7aise et enregistrement studio en 2002 sur Paris (91)<\/li>\n<li><strong>Musicien soliste Interpr\u00e8te<\/strong>, enregistrement du CD <em><strong>Harmonies majeures<\/strong><\/em> : pi\u00e8ces empruntant au r\u00e9pertoire classique (Bach, Tarrega, Albeniz, Baden Powell\u2026)<\/li>\n<li><strong>2019 &#8211; 2006 : Animation musicale<\/strong>\u00a0dans des h\u00f4tels et restaurants. Duo avec la chanteuse Pamela Treu r\u00e9gion d&rsquo;Aix-en-Provence : chanson fran\u00e7aise, standards jazz, bossa-nova, pop-rock<\/li>\n<li><strong>Animateur<\/strong> enfants, ados et adultes, et titulaire du <strong>B.A.F.A.<\/strong> (Brevet d&rsquo;Aptitude aux Fonctions d&rsquo; animateur (option premiers secours, actualis\u00e9 en 2017 en passant le <strong>PSC1<\/strong>, Pr\u00e9vention et secours civiques)<\/li>\n<\/ul>\n<h2>Objectifs p\u00e9dagogiques du prof guitare Aix<\/h2>\n<p class=\"justify\">Fort de mes exp\u00e9riences de musicien, d\u2019animateur, et de prof de guitare Aix en \u00e9coles (municipale et priv\u00e9e), je d\u00e9veloppe ma p\u00e9dagogie et mon go\u00fbt pour la transmission dans mon atelier de cours individuels et collectifs pour enfants, ados et adultes en guitare acoustique, \u00e9lectrique, et guitare basse.<br \/>\nAujourd&rsquo;hui , je vous accueille \u00e0 mon domicile, Villa Toscan, 46 chemin de Beauregard, \u00e0 Aix-en-Provence dans mon \u00ab home studio \u00bb.<\/p>\n<p class=\"justify\">Mon objectif\u00a0 : \u00eatre \u00e0 votre \u00e9coute pour vous <strong>transmettre \u00e0 tout \u00e2ge le plaisir de jouer<\/strong> de la guitare de mani\u00e8re simple et ludique, <strong>cl\u00e9 pour l&rsquo;apprentissage de l\u2019instrument.<\/strong><\/p>\n","protected":false},"excerpt":{"rendered":"<p>Formation musicale, parcours et objectifs p\u00e9dagogiques du prof guitare, C\u00e9dric Lacoste Ecole municipale de Morzine : apprentissage du solf\u00e8ge, cor et saxophone Ecole de musique Grenoble, guitare classique, prof guitare : M Jorris Ecole de musique d&rsquo;Arles, guitare classique\u00a0troisi\u00e8me cycle valid\u00e9 Conservatoire d&rsquo;Avignon,\u00a0\u00a0avec prof guitare pour pr\u00e9paration m\u00e9daille d&rsquo;or Conservatoire de Manosque, section jazz. Centre [&hellip;]<\/p>\n","protected":false},"author":1,"featured_media":0,"parent":0,"menu_order":0,"comment_status":"closed","ping_status":"closed","template":"","meta":[],"_links":{"self":[{"href":"https:\/\/cours-de-guitare-aix-en-provence.fr\/index.php\/wp-json\/wp\/v2\/pages\/143"}],"collection":[{"href":"https:\/\/cours-de-guitare-aix-en-provence.fr\/index.php\/wp-json\/wp\/v2\/pages"}],"about":[{"href":"https:\/\/cours-de-guitare-aix-en-provence.fr\/index.php\/wp-json\/wp\/v2\/types\/page"}],"author":[{"embeddable":true,"href":"https:\/\/cours-de-guitare-aix-en-provence.fr\/index.php\/wp-json\/wp\/v2\/users\/1"}],"replies":[{"embeddable":true,"href":"https:\/\/cours-de-guitare-aix-en-provence.fr\/index.php\/wp-json\/wp\/v2\/comments?post=143"}],"version-history":[{"count":34,"href":"https:\/\/cours-de-guitare-aix-en-provence.fr\/index.php\/wp-json\/wp\/v2\/pages\/143\/revisions"}],"predecessor-version":[{"id":848,"href":"https:\/\/cours-de-guitare-aix-en-provence.fr\/index.php\/wp-json\/wp\/v2\/pages\/143\/revisions\/848"}],"wp:attachment":[{"href":"https:\/\/cours-de-guitare-aix-en-provence.fr\/index.php\/wp-json\/wp\/v2\/media?parent=143"}],"curies":[{"name":"wp","href":"https:\/\/api.w.org\/{rel}","templated":true}]}}