{"id":140,"date":"2017-10-01T14:48:53","date_gmt":"2017-10-01T13:48:53","guid":{"rendered":"http:\/\/cours-de-guitare-aix-en-provence.fr\/?page_id=140"},"modified":"2019-05-26T16:13:32","modified_gmt":"2019-05-26T15:13:32","slug":"cours-de-gratte-ados","status":"publish","type":"page","link":"https:\/\/cours-de-guitare-aix-en-provence.fr\/index.php\/cours-de-gratte-ados\/","title":{"rendered":"Cours de gratte ados : la musique au bout des doigts"},"content":{"rendered":"<h2 class=\"sc_title sc_title_regular\">Cours de gratte ados s\u2019adresse \u00e0 qui ?<\/h2>\n<p>Les cours de gratte ados te concerne si tu as entre 13 et 22 ans, est d\u00e9butant(e) ou confirm\u00e9(e) et veux prendre facilement des cours de gratte <a href=\"http:\/\/cours-de-guitare-aix-en-provence.fr\/index.php\/cours-de-guitare-acoustique\/\">acoustique<\/a>, folk ou <a href=\"http:\/\/cours-de-guitare-aix-en-provence.fr\/index.php\/apprendre-guitare-electrique\/\">\u00e9lectrique<\/a>, avec ou sans solf\u00e8ge. Si tu pratiques depuis un certain temps, le cours te propose de faire le point sur tes acquis et de d\u00e9velopper ton oreille et ton sens du rythme en jouant les morceaux de ton choix. Pour les plus avanc\u00e9s, vous perfectionnerez votre jeu sur un morceau choisi : revue des accords sp\u00e9cifiques au style jou\u00e9, improvisation, pentatoniques relatives et blues, prise en main du m\u00e9diator, arp\u00e8ges d\u00e9manch\u00e9s et connaissance des plans typiques&#8230;<\/p>\n<p>Animateur en centre de vacances France et \u00e0 l&rsquo;\u00e9tranger, j\u2019ai eu l\u2019occasion de monter et d\u2019<strong>accompagner divers spectacles<\/strong> musicaux et instrumentaux (accompagnement technique, aide \u00e0 la composition\u2026) faits par les ados . En cours de gratte ados je t&rsquo;explique comment tenir la guitare et avoir une <a href=\"http:\/\/cours-de-guitare-aix-en-provence.fr\/index.php\/2016\/09\/05\/comment-jouer-de-la-guitare\/\">bonne position du corps <\/a>et <a href=\"http:\/\/cours-de-guitare-aix-en-provence.fr\/index.php\/2016\/09\/05\/comment-jouer-de-la-guitare\/\">des doigts main gauche <\/a>pour \u00eatre \u00e0 l&rsquo;aise et optimiser tes efforts r\u00e9p\u00e9t\u00e9s. Ces postures sont les bonnes conditions pour une vrai progression&#8230; En cours de gratte ados on joue tes morceaux pr\u00e9f\u00e9r\u00e9s\u00a0 : blues, folk, rock, hip-hop, classique, jazz, bossa, chanson fran\u00e7aise. Ils sont arrang\u00e9s par le prof pour t&rsquo;\u00eatre accessibles.<\/p>\n<p>Je te donne la fiche <strong><em>Une couleur une note<\/em><\/strong> que j&rsquo;ai con\u00e7u sp\u00e9cialement pour accorder la guitare, puis une fiche avec les accords du morceau choisi et tablatures (solf\u00e8ge si d\u00e9sir\u00e9), avec toutes les annotations ajout\u00e9es durant le cours de gratte ados qui te sont utiles !\u00a0 En cours de gratte ados on d\u00e9veloppe simplement son oreille quelque-soit ton niveau, et je prends le temps d&rsquo;expliquer chaque exercice. Les d\u00e9butants et interm\u00e9diaires ont des outils adapt\u00e9s pour que nous jouions ensemble vos morceaux choisis par une m\u00e9thode \u00e9labor\u00e9e sur vingt ans, plaisante et adapt\u00e9e \u00e0 chacun.<\/p>\n<p>En cours de gratte ados, je puise dans une biblioth\u00e8que de s\u00e9quences musicales d\u00e9di\u00e9es chacune \u00e0 un type d&rsquo;entra\u00eenement : suites d\u2019accords typiques, les gammes li\u00e9es au morceau choisi ou plans importants. Jouer ensemble est pr\u00e9cieux pour l&rsquo;acquisition du rythme. Je t\u2019entra\u00eene par \u00e9tapes en d\u00e9construisant le morceau en diff\u00e9rentes parties plus digestes, pr\u00e9texte pour t&rsquo;apprendre simplement les bons gestes comme les transitions d&rsquo;accords par exemple. Et nous prenons du temps pour r\u00e9pondre \u00e0 toutes tes questions.<\/p>\n<p>En cours de gratte ados individuel (<a href=\"http:\/\/cours-de-guitare-aix-en-provence.fr\/index.php\/cours-de-guitare-binome\/\">et cours\u00a0collectif : le professeur et deux guitaristes<\/a>), les documents p\u00e9dagogiques offerts sont adapt\u00e9s au niveau de chacun et on joue ensemble dans une ambiance d\u00e9tendue pour une progression \u00e0\u00a0ton rythme. Musicalement.<\/p>\n","protected":false},"excerpt":{"rendered":"<p>Les cours de gratte ados te concerne si tu as entre 13 et 22 ans, est d\u00e9butant(e) ou confirm\u00e9(e) et veux prendre facilement des cours de gratte acoustique, folk ou \u00e9lectrique, avec ou sans solf\u00e8ge. Si tu pratiques depuis un certain temps, le cours te propose de faire le point sur tes acquis et de [&hellip;]<\/p>\n","protected":false},"author":1,"featured_media":0,"parent":0,"menu_order":0,"comment_status":"closed","ping_status":"closed","template":"","meta":[],"_links":{"self":[{"href":"https:\/\/cours-de-guitare-aix-en-provence.fr\/index.php\/wp-json\/wp\/v2\/pages\/140"}],"collection":[{"href":"https:\/\/cours-de-guitare-aix-en-provence.fr\/index.php\/wp-json\/wp\/v2\/pages"}],"about":[{"href":"https:\/\/cours-de-guitare-aix-en-provence.fr\/index.php\/wp-json\/wp\/v2\/types\/page"}],"author":[{"embeddable":true,"href":"https:\/\/cours-de-guitare-aix-en-provence.fr\/index.php\/wp-json\/wp\/v2\/users\/1"}],"replies":[{"embeddable":true,"href":"https:\/\/cours-de-guitare-aix-en-provence.fr\/index.php\/wp-json\/wp\/v2\/comments?post=140"}],"version-history":[{"count":35,"href":"https:\/\/cours-de-guitare-aix-en-provence.fr\/index.php\/wp-json\/wp\/v2\/pages\/140\/revisions"}],"predecessor-version":[{"id":756,"href":"https:\/\/cours-de-guitare-aix-en-provence.fr\/index.php\/wp-json\/wp\/v2\/pages\/140\/revisions\/756"}],"wp:attachment":[{"href":"https:\/\/cours-de-guitare-aix-en-provence.fr\/index.php\/wp-json\/wp\/v2\/media?parent=140"}],"curies":[{"name":"wp","href":"https:\/\/api.w.org\/{rel}","templated":true}]}}