{"id":137,"date":"2017-10-01T14:48:05","date_gmt":"2017-10-01T13:48:05","guid":{"rendered":"http:\/\/cours-de-guitare-aix-en-provence.fr\/?page_id=137"},"modified":"2022-11-29T22:31:03","modified_gmt":"2022-11-29T21:31:03","slug":"apprendre-la-guitare","status":"publish","type":"page","link":"https:\/\/cours-de-guitare-aix-en-provence.fr\/index.php\/apprendre-la-guitare\/","title":{"rendered":"Apprendre la guitare : le plaisir de jouer"},"content":{"rendered":"<p><img loading=\"lazy\" class=\"size-medium wp-image-80\" src=\"http:\/\/cours-de-guitare-aix-en-provence.fr\/wp-content\/uploads\/2017\/08\/Apprendre-la-guitare-3-300x209.jpg\" alt=\"Apprendre la guitare\" width=\"300\" height=\"209\" \/><\/p>\n<p><h1 class=\"sc_title sc_title_regular\">Apprendre la guitare : le r\u00f4le du prof de guitare <\/h1><em>Apprendre la guitare\u00a0<\/em>d\u00e9signe \u00e0 la fois le fait de prendre un cours et de le dispenser&#8230; La progression de l&rsquo;\u00e9l\u00e8ve est li\u00e9e \u00e0 sa capacit\u00e9 \u00e0 se faire sienne la m\u00e9thode sp\u00e9cifique du prof. Mais qu&rsquo;en est-il de celle-ci ?<\/p>\n<p>Si le prof est un super guitariste, c&rsquo;est bien, mais l&rsquo;essentiel est sa capacit\u00e9 \u00e0 transmettre. Une bonne p\u00e9dagogie comprend <em>le quoi, <\/em>c&rsquo;est-\u00e0-dire les savoir-faire techniques sp\u00e9cifiques adapt\u00e9s \u00e0 chacun(e), \/mais aussi <em>le comment,<\/em> c&rsquo;est-\u00e0-dire les modes de transmissions du prof ou comment il fait cours. \u00c0 l&rsquo;image d&rsquo;un professeur de math\u00e9matiques qui\u00a0 nous \u00e9veille \u00e0 cette discipline de mani\u00e8re concr\u00e8te et ludique, apprendre la guitare n\u00e9cessite pour moi le plaisir de jouer, motivation essentielle avant et pendant l&rsquo;acquisition des contenus techniques&#8230;. Entra\u00eener l&rsquo;oreille par des jeux de r\u00f4le induit l&rsquo;acquisition et l&rsquo;appropriation des savoirs, et ce parfois \u00e0 l&rsquo;insu de l&rsquo;\u00e9l\u00e8ve.<\/p>\n<p><h2 class=\"sc_title sc_title_regular\">Apprendre la guitare par une p\u00e9dagogie originale :<\/h2> Le jeu permet \u00e0 l&rsquo;homme et \u00e0 beaucoup d&rsquo;animaux de faire leur apprentissage. Transmettre la musique, c&rsquo;est \u00e9changer en musique, donc jouer avec le prof appara\u00eet comme une \u00e9vidence&#8230; Et si la musique elle-m\u00eame est depuis des lustres un vecteur d&rsquo;apprentissage chez certaines ethnies, elle constitue de nos jours un r\u00e9el d\u00e9veloppement cognitif notamment chez l&rsquo;enfant, voir \u00e0 ce propos <a href=\"http:\/\/cours-de-guitare-aix-en-provence.fr\/index.php\/cours-de-guitare-enfant\/\">Cours de guitare enfant et d\u00e9veloppement personnel<\/a>.<\/p>\n<p>Diff\u00e9rents supports p\u00e9dagogiques, s\u00e9quences musicales num\u00e9riques accompagn\u00e9es \u00e0 la guitare par le prof varient les modes d&rsquo;apprentissage et rythment ainsi le cours :<\/p>\n<ul>\n<li>\u00c9chauffement(s) main gauche : divers exercices en musique.<\/li>\n<li><strong>Fiche p\u00e9dagogique originale<\/strong> pour s&rsquo;accorder avec l&rsquo;accordeur, mais surtout entrainement de l&rsquo;oreille.<\/li>\n<li>Exercices ludiques sur des s\u00e9quences musicales num\u00e9riques li\u00e9es au morceau choisi au pr\u00e9alable (ou plan d&rsquo;une intro par ex.).<\/li>\n<li>Reconnaissance des accords du morceau \u00e9tudi\u00e9 et leur encha\u00eenement (ou partie arrang\u00e9e et adapt\u00e9e) avec le prof.<\/li>\n<\/ul>\n<h3>Apprendre la guitare par <em>le plaisir de jouer !<\/em><\/h3>\n<p>Le prof doit aimer partager, \u00e9couter et donner de sa disponibilit\u00e9 (tous ne se valent pas de par mon \/\/exp\u00e9rience en tant qu&rsquo;\u00e9l\u00e8ve).<\/p>\n<p>Fort de mes exp\u00e9riences de musicien, d\u2019animateur, et de prof de guitare depuis 20 ans, apprendre la guitare \u00e0 mes \u00e9l\u00e8ves r\u00e9alise mon go\u00fbt pour la transmission. Et oui, le prof aussi peut prendre du plaisir lorsque l&rsquo;\u00e9l\u00e8ve progresse et repart avec les yeux brillants et le sourire&#8230; Voil\u00e0 pourquoi ma devise est <em>Le plaisir de jouer de la guitare ! <\/em>Pour les cours de\u00a0guitare electrique, allez \u00e0 <a href=\"http:\/\/cours-de-guitare-aix-en-provence.fr\/index.php\/apprendre-la-guitare-electrique\/\">Apprendre la\u00a0guitare electrique<\/a>.<\/p>\n","protected":false},"excerpt":{"rendered":"<p>Apprendre la guitare\u00a0d\u00e9signe \u00e0 la fois le fait de prendre un cours et de le dispenser&#8230; La progression de l&rsquo;\u00e9l\u00e8ve est li\u00e9e \u00e0 sa capacit\u00e9 \u00e0 se faire sienne la m\u00e9thode sp\u00e9cifique du prof. Mais qu&rsquo;en est-il de celle-ci ? Si le prof est un super guitariste, c&rsquo;est bien, mais l&rsquo;essentiel est sa capacit\u00e9 \u00e0 [&hellip;]<\/p>\n","protected":false},"author":1,"featured_media":0,"parent":0,"menu_order":0,"comment_status":"closed","ping_status":"closed","template":"","meta":[],"_links":{"self":[{"href":"https:\/\/cours-de-guitare-aix-en-provence.fr\/index.php\/wp-json\/wp\/v2\/pages\/137"}],"collection":[{"href":"https:\/\/cours-de-guitare-aix-en-provence.fr\/index.php\/wp-json\/wp\/v2\/pages"}],"about":[{"href":"https:\/\/cours-de-guitare-aix-en-provence.fr\/index.php\/wp-json\/wp\/v2\/types\/page"}],"author":[{"embeddable":true,"href":"https:\/\/cours-de-guitare-aix-en-provence.fr\/index.php\/wp-json\/wp\/v2\/users\/1"}],"replies":[{"embeddable":true,"href":"https:\/\/cours-de-guitare-aix-en-provence.fr\/index.php\/wp-json\/wp\/v2\/comments?post=137"}],"version-history":[{"count":46,"href":"https:\/\/cours-de-guitare-aix-en-provence.fr\/index.php\/wp-json\/wp\/v2\/pages\/137\/revisions"}],"predecessor-version":[{"id":1020,"href":"https:\/\/cours-de-guitare-aix-en-provence.fr\/index.php\/wp-json\/wp\/v2\/pages\/137\/revisions\/1020"}],"wp:attachment":[{"href":"https:\/\/cours-de-guitare-aix-en-provence.fr\/index.php\/wp-json\/wp\/v2\/media?parent=137"}],"curies":[{"name":"wp","href":"https:\/\/api.w.org\/{rel}","templated":true}]}}