{"id":130,"date":"2017-09-30T13:05:24","date_gmt":"2017-09-30T12:05:24","guid":{"rendered":"http:\/\/cours-de-guitare-aix-en-provence.fr\/?page_id=130"},"modified":"2022-11-29T22:20:32","modified_gmt":"2022-11-29T21:20:32","slug":"apprendre-la-guitare-electrique","status":"publish","type":"page","link":"https:\/\/cours-de-guitare-aix-en-provence.fr\/index.php\/apprendre-la-guitare-electrique\/","title":{"rendered":"Apprendre la guitare electrique"},"content":{"rendered":"<p>Apprendre la guitare electrique seul(e) peut \u00eatre compliqu\u00e9, les m\u00e9thodes \u00e9tant parfois lourdes, voire indigestes. D\u00e9fricher toutes les infos r\u00e9colt\u00e9es dans les m\u00e9thodes ou sur le net est laborieux. C&rsquo;est pourquoi le prof fait le point sur vos acquis, corrige certaines mauvaises interpr\u00e9tations \u00e0 l&rsquo;aide de vos anciens supports et m\u00e9thodes. Cette aide pr\u00e9cieuse permet de corriger les \u00e9ventuelles erreurs, met \u00e0 profit ce que vous avez d\u00e9j\u00e0 abord\u00e9 et reformule les notions pour une meilleure assimilation. Les cours sont donc en continuit\u00e9 de votre parcours et vous accompagnent dans vos objectifs musicaux.<\/p>\n<p>Si le jeu est primordial dans tout apprentissage, il est n\u00e9cessaire dans celui de la musique. C&rsquo;est pourquoi on joue ensemble pour vous apprendre la guitare electrique ! C&rsquo;est \u00e9vident vous me direz, mais d\u00e9sacraliser le rapport \u00e0 l&rsquo;instrument et vous induire le passage entre \u00ab\u00a0je suis \u00e9l\u00e8ve\u00a0\u00bb et \u00ab\u00a0je suis musicien\u00a0\u00bb permet d&rsquo;\u00eatre l\u00e0 en musique et donc de jouer m\u00eame simplement, de prendre du plaisir et donc d&rsquo;apprendre efficacement. J&rsquo;ai \u00e9t\u00e9 form\u00e9 entre autre au <a href=\"http:\/\/cours-de-guitare-aix-en-provence.fr\/index.php\/prof-guitare\/\">Centre Paris-Bercy<\/a> pour donner des <a href=\"http:\/\/cours-de-guitare-aix-en-provence.fr\/index.php\/cours-de-guitare-binome\/\">cours collectifs<\/a> de guitare acoustique et \u00e9lectrique aupr\u00e8s d\u2019enfants, adolescents et adultes, bas\u00e9 sur l&rsquo;\u00e9coute collective et sans solf\u00e8ge et j&rsquo;ai constat\u00e9 leur efficacit\u00e9.<\/p>\n<h2 class=\"sc_title sc_title_regular\">Apprendre la guitare electrique gr\u00e2ce \u00e0 une m\u00e9thode adapt\u00e9e<\/h2>\n<ul>\n<li>Apr\u00e8s avoir pr\u00e9ciser votre parcours et vos envies, j&rsquo;\u00e9tablis <strong>un plan de route flexible<\/strong> en fonction de vos progr\u00e8s et nouveaux projets en cours<\/li>\n<li><strong>Exercices d&rsquo;\u00e9chauffement<\/strong> avec le prof 5 min. pour d\u00e9lier les doigts et muscler dans la bonne position la main gauche. Exemples : gamme chromatique : le pont de Hey joe de Hendrix ou gamme pentatonique.<\/li>\n<li><strong>Technique :<\/strong> je vous apporte les outils n\u00e9cessaires : plans, gammes, harmonie, travail sur le son, prise en main m\u00e9diator, diff\u00e9rentes positions dont d\u00e9manch\u00e9s en diagonal des gammes pentatoniques<\/li>\n<li><strong>Personnaliser la fiche<\/strong> du morceau choisi : gamme avec tablature, annotations qui vous sont d\u00e9di\u00e9es<\/li>\n<li><strong>Le prof accompagne en accord ou en basse <\/strong>votre ligne m\u00e9lodique type solo ou plan, vos accords de puissance&#8230;\u00a0 Je suis ainsi \u00e0 votre service. Des s\u00e9quences num\u00e9riques d&rsquo;accompagnements typiques rock et blues nous permettent de jouer comme dans un groupe et d&rsquo;aborder un point technique sp\u00e9cifique comme le <em>bend<\/em> ou la pentatonique en d\u00e9manch\u00e9 par exemple.<\/li>\n<\/ul>\n","protected":false},"excerpt":{"rendered":"<p>Apprendre la guitare electrique seul(e) peut \u00eatre compliqu\u00e9, les m\u00e9thodes \u00e9tant parfois lourdes, voire indigestes. D\u00e9fricher toutes les infos r\u00e9colt\u00e9es dans les m\u00e9thodes ou sur le net est laborieux. C&rsquo;est pourquoi le prof fait le point sur vos acquis, corrige certaines mauvaises interpr\u00e9tations \u00e0 l&rsquo;aide de vos anciens supports et m\u00e9thodes. Cette aide pr\u00e9cieuse permet [&hellip;]<\/p>\n","protected":false},"author":1,"featured_media":0,"parent":0,"menu_order":0,"comment_status":"closed","ping_status":"closed","template":"","meta":[],"_links":{"self":[{"href":"https:\/\/cours-de-guitare-aix-en-provence.fr\/index.php\/wp-json\/wp\/v2\/pages\/130"}],"collection":[{"href":"https:\/\/cours-de-guitare-aix-en-provence.fr\/index.php\/wp-json\/wp\/v2\/pages"}],"about":[{"href":"https:\/\/cours-de-guitare-aix-en-provence.fr\/index.php\/wp-json\/wp\/v2\/types\/page"}],"author":[{"embeddable":true,"href":"https:\/\/cours-de-guitare-aix-en-provence.fr\/index.php\/wp-json\/wp\/v2\/users\/1"}],"replies":[{"embeddable":true,"href":"https:\/\/cours-de-guitare-aix-en-provence.fr\/index.php\/wp-json\/wp\/v2\/comments?post=130"}],"version-history":[{"count":38,"href":"https:\/\/cours-de-guitare-aix-en-provence.fr\/index.php\/wp-json\/wp\/v2\/pages\/130\/revisions"}],"predecessor-version":[{"id":1014,"href":"https:\/\/cours-de-guitare-aix-en-provence.fr\/index.php\/wp-json\/wp\/v2\/pages\/130\/revisions\/1014"}],"wp:attachment":[{"href":"https:\/\/cours-de-guitare-aix-en-provence.fr\/index.php\/wp-json\/wp\/v2\/media?parent=130"}],"curies":[{"name":"wp","href":"https:\/\/api.w.org\/{rel}","templated":true}]}}