{"id":110,"date":"2017-09-30T12:44:48","date_gmt":"2017-09-30T11:44:48","guid":{"rendered":"http:\/\/cours-de-guitare-aix-en-provence.fr\/?page_id=110"},"modified":"2019-05-26T10:58:47","modified_gmt":"2019-05-26T09:58:47","slug":"cours-guitare-jazz","status":"publish","type":"page","link":"https:\/\/cours-de-guitare-aix-en-provence.fr\/index.php\/cours-guitare-jazz\/","title":{"rendered":"cours guitare jazz : cl\u00e9s pour l&rsquo;harmonie"},"content":{"rendered":"<ul><h2 class=\"sc_title sc_title_regular\">Cours guitare jazz pour qui ? <\/h2><\/ul>\n<p>Les cours guitare jazz s&rsquo;adresse \u00e0 tous. Que vous soyez d\u00e9butant, ou d\u00e9j\u00e0 musicien et d\u00e9sireux de d\u00e9velopper votre oreille harmonique et d&rsquo;aborder des standards jazz, ou confirm\u00e9 en qu\u00eate de mat\u00e9riels pour d\u00e9velopper <ins datetime=\"2018-08-27T20:03:44+00:00\">votre harmonie int\u00e9rieure<\/ins> ces cours vous concernent. Je vous livre des cl\u00e9s pour l&rsquo;harmonie (en r\u00e9f\u00e9rence \u00e0 l&rsquo;ouvrage du m\u00eame nom de Jo Anger Weller) et l&rsquo;improvisation adapt\u00e9es au niveau et \u00e0 votre projet.<br \/>\nLe cours guitare jazz est de plus une porte d\u2019entr\u00e9e pour les musiques improvis\u00e9es et aborder des styles typiques empruntant \u00e0 l&rsquo;harmonie jazz comme la guitare manouche ou la bossa-nova.<\/p>\n<ul><h2 class=\"sc_title sc_title_regular\"> D\u00e9roulement du cours guitare jazz <\/h2><\/p>\n<li>Apr\u00e8s avoir pr\u00e9ciser votre parcours et vos envies, j&rsquo;\u00e9tablis <strong>un plan de route flexible<\/strong> en fonction de votre demande et nouveaux projets en cours<\/li>\n<li><strong>Exercices d&rsquo;\u00e9chauffement<\/strong> avec le prof 5 min. pour d\u00e9lier les doigts et muscler dans la bonne position la main gauche. Exemples: gamme chromatique et gammes typiques jazz<\/li>\n<li>Entrainement de l&rsquo;oreille ou <strong>ear training<\/strong> :<strong>Intervalles:<\/strong>\n<ul>\n<li style=\"list-style-type: none;\">\n<ul>entendre et identifier l&rsquo;intervalle entre deux note en s\u00e9quence.<\/ul>\n<\/li>\n<\/ul>\n<p><strong>Accords:<\/strong><\/p>\n<ul>\n<li style=\"list-style-type: none;\">\n<ul>votre objectif est d&rsquo;identifier le type d&rsquo;accord que vous avez entendu.<\/ul>\n<\/li>\n<\/ul>\n<p><strong>Progression d&rsquo;accords : <\/strong><\/p>\n<ul>\n<li style=\"list-style-type: none;\">\n<ul>entendre et identifier chaque accord au sein d&rsquo;une progression d&rsquo;accords.<\/ul>\n<\/li>\n<\/ul>\n<p><strong>Perfect Pitch :<\/strong><\/p>\n<ul>identifier le nom de la note (oreille relative)<\/ul>\n<\/li>\n<li><strong>Le prof accompagne en accord\u00a0<\/strong>votre ligne m\u00e9lodique type th\u00e8me ou plan, ou votre progression d&rsquo;accords jazz en jouant la basse \u00e0 la guitare, je suis ainsi \u00e0 votre service et au service de la musique. Des s\u00e9quences num\u00e9riques musicales type pistes d&rsquo;accompagnement (backing tracks) nous permettent \u00e9galement de faire tourner un th\u00e8me ou une ligne m\u00e9lodique li\u00e9e \u00e0 un point technique sp\u00e9cifique comme le <em>placement de la gamme diminu\u00e9e<\/em> par exemple.<\/li>\n<li><strong> Fiche personnalis\u00e9e<\/strong> du morceau choisi : grille d&rsquo;accord et gamme avec tablature, annotations qui vous sont d\u00e9di\u00e9es<\/li>\n<li><strong>Technique :<\/strong> je vous apporte les outils n\u00e9cessaires (plans, gammes, harmonie, travail sur votre son, prise en main m\u00e9diator, diff\u00e9rentes positions dont d\u00e9manch\u00e9s en diagonale des gammes relatives, pentatoniques, arp\u00e8ges et leur utilisations en impro, tous les outils n\u00e9cessaires \u00e0 l&rsquo;\u00e9laboration de votre projet&#8230;<\/li>\n<\/ul>\n<ul><h3 class=\"sc_title sc_title_regular\"> Objectifs du cours guitare jazz <\/h3><\/ul>\n<p>Le but est que l&rsquo;\u00e9l\u00e8ve puisse dans l&rsquo;\u00e9tude d&rsquo;un morceau identifier les difficult\u00e9s d&rsquo;un morceau, d\u00e9composer sa structure, rep\u00e9rer les diff\u00e9rents passages, avoir int\u00e9gr\u00e9 la m\u00e9thode par \u00e9tapes dans l&rsquo;apprentissage d&rsquo;un morceau. Mais aussi int\u00e9grer des outils techniques et harmoniques, notamment par les exercices de l&rsquo;oreille vu au dessus. Ces outils sont en effet tr\u00e8s utiles\u00a0pour faire les liens avec la connaissance du manche. Cette m\u00e9thodologie permet \u00e0 l&rsquo;\u00e9l\u00e8ve d&rsquo;avoir des bases solides et de s&rsquo;approprier les savoirs techniques de mani\u00e8re ludique, de d\u00e9velopper son jeu d&rsquo;improvisation et de progresser rapidement. Cette autonomie lui permettra \u00e0 terme d&rsquo;aborder seul ses morceaux jazz pr\u00e9f\u00e9r\u00e9s et dans diff\u00e9rents styles issus du jazz.<\/p>\n","protected":false},"excerpt":{"rendered":"<p>Les cours guitare jazz s&rsquo;adresse \u00e0 tous. Que vous soyez d\u00e9butant, ou d\u00e9j\u00e0 musicien et d\u00e9sireux de d\u00e9velopper votre oreille harmonique et d&rsquo;aborder des standards jazz, ou confirm\u00e9 en qu\u00eate de mat\u00e9riels pour d\u00e9velopper votre harmonie int\u00e9rieure ces cours vous concernent. Je vous livre des cl\u00e9s pour l&rsquo;harmonie (en r\u00e9f\u00e9rence \u00e0 l&rsquo;ouvrage du m\u00eame nom [&hellip;]<\/p>\n","protected":false},"author":1,"featured_media":0,"parent":0,"menu_order":0,"comment_status":"closed","ping_status":"closed","template":"","meta":[],"_links":{"self":[{"href":"https:\/\/cours-de-guitare-aix-en-provence.fr\/index.php\/wp-json\/wp\/v2\/pages\/110"}],"collection":[{"href":"https:\/\/cours-de-guitare-aix-en-provence.fr\/index.php\/wp-json\/wp\/v2\/pages"}],"about":[{"href":"https:\/\/cours-de-guitare-aix-en-provence.fr\/index.php\/wp-json\/wp\/v2\/types\/page"}],"author":[{"embeddable":true,"href":"https:\/\/cours-de-guitare-aix-en-provence.fr\/index.php\/wp-json\/wp\/v2\/users\/1"}],"replies":[{"embeddable":true,"href":"https:\/\/cours-de-guitare-aix-en-provence.fr\/index.php\/wp-json\/wp\/v2\/comments?post=110"}],"version-history":[{"count":31,"href":"https:\/\/cours-de-guitare-aix-en-provence.fr\/index.php\/wp-json\/wp\/v2\/pages\/110\/revisions"}],"predecessor-version":[{"id":734,"href":"https:\/\/cours-de-guitare-aix-en-provence.fr\/index.php\/wp-json\/wp\/v2\/pages\/110\/revisions\/734"}],"wp:attachment":[{"href":"https:\/\/cours-de-guitare-aix-en-provence.fr\/index.php\/wp-json\/wp\/v2\/media?parent=110"}],"curies":[{"name":"wp","href":"https:\/\/api.w.org\/{rel}","templated":true}]}}