{"id":108,"date":"2017-09-30T12:44:26","date_gmt":"2017-09-30T11:44:26","guid":{"rendered":"http:\/\/cours-de-guitare-aix-en-provence.fr\/?page_id=108"},"modified":"2022-11-29T22:16:15","modified_gmt":"2022-11-29T21:16:15","slug":"cours-de-guitare-classique","status":"publish","type":"page","link":"https:\/\/cours-de-guitare-aix-en-provence.fr\/index.php\/cours-de-guitare-classique\/","title":{"rendered":"cours de guitare classique"},"content":{"rendered":"<p>C\u00e9dric Lacoste, professeur dispensant depuis vingt ans des cours de guitare classique en Ecole de musique municipale d\u2019Aix-en-Provence et Ecole Yamaha, musicien interpr\u00e8te (<em>Harmonies majeures<\/em> reprise de pi\u00e8ces de Francisco Tarrega, Bach, L\u00e9o Brouwer, Baden-Poxell&#8230;) vous enseigne la guitare classique gr\u00e2ce \u00e0 une m\u00e9thode qui vous est personnalis\u00e9e et plaisante. Vous \u00eates d\u00e9butant ou vous avez pratiqu\u00e9 et vous voulez vous y remettre sans trop de pression, voire aborder un morceau qui vous tient \u00e0 c\u0153ur ? je m&rsquo;adapte \u00e0 votre demande en axant ma m\u00e9thode sur votre projet.<\/p>\n<p>Les morceaux propos\u00e9s : classique du r\u00e9pertoire fran\u00e7ais : Bach, espagnole : Francisco Tarrega br\u00e9silien : Luiz Bonfa Baden-Powell, Leo Brouwer morceau choisi. Vos pi\u00e8ces pr\u00e9f\u00e9r\u00e9es peuvent \u00eatre r\u00e9arrang\u00e9es pour \u00eatre accessibles. Outre la technique proprement classique, vous exercerez votre oreille et sens du rythme en jouant simplement avec le professeur sur des pistes d\u2019accompagnement. Des s\u00e9quences musicales adapt\u00e9es \u00e0 votre niveau vous sont propos\u00e9es ce qui rend le cours moins herm\u00e9tique.<\/p>\n<h1>Cours de guitare classique pour quel public ?<\/h1>\n<p>Les cours de guitare classique s&rsquo;adressent aux d\u00e9butants comme aux confirm\u00e9s, et \u00e0 tout \u00e2ge.<br \/>\nEn cours de guitare classique, l&rsquo;\u00e9l\u00e8ve apprend tout d&rsquo;abord la bonne prise en main de l&rsquo;instrument. Car adopter une bonne position rend libre la main gauche, et \u00eatre \u00e0 l&rsquo;aise optimise les efforts r\u00e9p\u00e9t\u00e9s. Tout comme <em>la vigne qui doit \u00eatre tailler et conduite jeune pour avoir une bonne fructification<\/em>, ce sont les bonnes conditions pour une vraie progression&#8230; pour les d\u00e9butants et confirm\u00e9s. La technique classique et les diff\u00e9rents exercices pour d\u00e9velopper les mains gauche et droite sont abord\u00e9s en cours lors de l&rsquo;\u00e9chauffement.<\/p>\n<p>Le but du cours de guitare classique est que l&rsquo;\u00e9l\u00e8ve puisse mettre \u00e0 profit ses comp\u00e9tences propres \u00e0 la technique classique dans l&rsquo;\u00e9tude d&rsquo;un morceau : identifier les difficult\u00e9s, d\u00e9composer la structure, rep\u00e9rer les diff\u00e9rents passages, avoir int\u00e9gr\u00e9 la proc\u00e9dure types par \u00e9tapes dans l&rsquo;apprentissage d&rsquo;un morceau. Mais aussi int\u00e9grer des outils techniques et harmoniques, notamment par l&rsquo;exercice de l&rsquo;oreille. Ces outils sont en effet tr\u00e8s utiles pour faire les liens avec la connaissance du manche. Cette m\u00e9thodologie permet \u00e0 l&rsquo;\u00e9l\u00e8ve d&rsquo;avoir des bases solides, de s&rsquo;approprier les savoirs li\u00e9s \u00e0 la technique classique et de progresser rapidement. Cette autonomie lui permettra \u00e0 terme d&rsquo;aborder seul ses morceaux pr\u00e9f\u00e9r\u00e9s, et cela, dans diff\u00e9rents styles.<\/p>\n","protected":false},"excerpt":{"rendered":"<p>C\u00e9dric Lacoste, professeur dispensant depuis vingt ans des cours de guitare classique en Ecole de musique municipale d\u2019Aix-en-Provence et Ecole Yamaha, musicien interpr\u00e8te (Harmonies majeures reprise de pi\u00e8ces de Francisco Tarrega, Bach, L\u00e9o Brouwer, Baden-Poxell&#8230;) vous enseigne la guitare classique gr\u00e2ce \u00e0 une m\u00e9thode qui vous est personnalis\u00e9e et plaisante. Vous \u00eates d\u00e9butant ou vous [&hellip;]<\/p>\n","protected":false},"author":1,"featured_media":0,"parent":0,"menu_order":0,"comment_status":"closed","ping_status":"closed","template":"","meta":[],"_links":{"self":[{"href":"https:\/\/cours-de-guitare-aix-en-provence.fr\/index.php\/wp-json\/wp\/v2\/pages\/108"}],"collection":[{"href":"https:\/\/cours-de-guitare-aix-en-provence.fr\/index.php\/wp-json\/wp\/v2\/pages"}],"about":[{"href":"https:\/\/cours-de-guitare-aix-en-provence.fr\/index.php\/wp-json\/wp\/v2\/types\/page"}],"author":[{"embeddable":true,"href":"https:\/\/cours-de-guitare-aix-en-provence.fr\/index.php\/wp-json\/wp\/v2\/users\/1"}],"replies":[{"embeddable":true,"href":"https:\/\/cours-de-guitare-aix-en-provence.fr\/index.php\/wp-json\/wp\/v2\/comments?post=108"}],"version-history":[{"count":14,"href":"https:\/\/cours-de-guitare-aix-en-provence.fr\/index.php\/wp-json\/wp\/v2\/pages\/108\/revisions"}],"predecessor-version":[{"id":1012,"href":"https:\/\/cours-de-guitare-aix-en-provence.fr\/index.php\/wp-json\/wp\/v2\/pages\/108\/revisions\/1012"}],"wp:attachment":[{"href":"https:\/\/cours-de-guitare-aix-en-provence.fr\/index.php\/wp-json\/wp\/v2\/media?parent=108"}],"curies":[{"name":"wp","href":"https:\/\/api.w.org\/{rel}","templated":true}]}}