{"id":106,"date":"2017-09-30T12:43:58","date_gmt":"2017-09-30T11:43:58","guid":{"rendered":"http:\/\/cours-de-guitare-aix-en-provence.fr\/?page_id=106"},"modified":"2019-05-02T14:49:28","modified_gmt":"2019-05-02T13:49:28","slug":"cours-de-guitare-acoustique","status":"publish","type":"page","link":"https:\/\/cours-de-guitare-aix-en-provence.fr\/index.php\/cours-de-guitare-acoustique\/","title":{"rendered":"Cours de guitare acoustique tous niveaux tous styles"},"content":{"rendered":"<p><h1 class=\"sc_title sc_title_regular\">Cours de guitare acoustique tous niveaux tous styles<\/h1><br \/>\nC\u00e9dric Lacoste,\u00a0 professeur\u00a0depuis vingt ans en Ecole de musique municipale et Ecole Yamaha, vous propose des cours de guitare acoustique et \u00e9lectrique dans son home studio. Apprenez la guitare gr\u00e2ce \u00e0 une m\u00e9thode qui vous est personnalis\u00e9e et plaisante. D\u00e9veloppez votre oreille et sens du rythme en jouant simplement avec le prof sur des pistes d\u2019accompagnements. Des s\u00e9quences musicales adapt\u00e9es \u00e0 votre niveau vous sont propos\u00e9es et vos morceaux pr\u00e9f\u00e9r\u00e9s peuvent \u00eatre r\u00e9arrang\u00e9s pour vous \u00eatre accessibles.<\/p>\n<h2 class=\"sc_title sc_title_regular\">Cours de guitare acoustique : des fiches personnalis\u00e9es offertes<\/h2>\n<p>Les documents p\u00e9dagogiques sont offerts et adapt\u00e9s au niveau de chacun : une fiche originale con\u00e7ue pour vous accorder :<strong> <em>une couleur une note<\/em>,<\/strong> fiche<strong> d\u2019\u00e9chauffements et exercices main gauche, gammes ou plans, grilles d\u2019accords avec tablatures <\/strong>(et solf\u00e8ge si d\u00e9sir\u00e9) li\u00e9s aux morceaux choisi de styles vari\u00e9s : blues, folk, rock, chanson fran\u00e7aise ou classique, jazz et bossa-nova.<br \/>\nEn cours de guitare individuel ou collectif (<a href=\"http:\/\/cours-de-guitare-aix-en-provence.fr\/index.php\/cours-de-guitare-binome\/\">en bin\u00f4me : le professeur et deux guitaristes<\/a>) <strong><em>le plaisir de jouer<\/em> <\/strong>prime et vous progressez \u00e0 votre rythme.<\/p>\n<h3 class=\"sc_title sc_title_regular\">Cours de guitare acoustique : vous accompagner dans le choix de votre instrument<\/h3>\n<p>Vous pouvez \u00eatre encore ind\u00e9cis(e) sur le choix d&rsquo;une guitare en particulier : en cours de guitare acoustique, je vous pr\u00e9sente les diff\u00e9rences entre la guitare classique et la folk. La guitare est dite <strong><em>acoustique<\/em><\/strong>\u00a0si elle n&rsquo;est pas amplifi\u00e9e mais une guitare\u00a0s\u00e8che ou folk peut l&rsquo;\u00eatre, c&rsquo;est alors une <strong><em>\u00e9lectroacoustique<\/em><\/strong>. Ce choix est pertinent si vous avez d\u00e9j\u00e0 ou voulez acheter un ampli&#8230; Ces interrogations sont propre \u00e0 tout guitariste m\u00eame confirm\u00e9, c&rsquo;est pourquoi l&rsquo;\u00e9l\u00e8ve peut essayer diff\u00e9rents types d&rsquo;instruments en cours de guitare acoustique pour se faire une id\u00e9e&#8230; Je peux \u00e9galement vous en pr\u00eater une\u00a0et vous conseiller en vue d&rsquo;un futur achat et choisir personnellement votre instrument id\u00e9al. Car dans un lot de guitare identiques toutes ne se valent pas&#8230;<\/p>\n<p>Cliquez sur le\u00a0type de cours de guitare acoustique que vous\u00a0recherchez. Musicalement.<\/p>\n<p><a href=\"http:\/\/cours-de-guitare-aix-en-provence.fr\/index.php\/cours-de-guitare-enfant\/\">cours de guitare enfant et d\u00e9veloppement personnel<\/a><br \/>\n<a href=\"http:\/\/cours-de-guitare-aix-en-provence.fr\/index.php\/cours-de-guitare-classique\/\">cours de guitare classique<\/a><br \/>\n<a href=\"http:\/\/: http:\/\/cours-de-guitare-aix-en-provence.fr\/index.php\/cours-guitare-adulte\/\">cours guitare adulte<\/a><br \/>\n<a href=\"http:\/\/cours-de-guitare-aix-en-provence.fr\/index.php\/cours-guitare-jazz\/\">cours guitare jazz<\/a><\/p>\n<p>&nbsp;<\/p>\n","protected":false},"excerpt":{"rendered":"<p>C\u00e9dric Lacoste,\u00a0 professeur\u00a0depuis vingt ans en Ecole de musique municipale et Ecole Yamaha, vous propose des cours de guitare acoustique et \u00e9lectrique dans son home studio. Apprenez la guitare gr\u00e2ce \u00e0 une m\u00e9thode qui vous est personnalis\u00e9e et plaisante. D\u00e9veloppez votre oreille et sens du rythme en jouant simplement avec le prof sur des pistes [&hellip;]<\/p>\n","protected":false},"author":1,"featured_media":0,"parent":0,"menu_order":0,"comment_status":"closed","ping_status":"closed","template":"","meta":[],"_links":{"self":[{"href":"https:\/\/cours-de-guitare-aix-en-provence.fr\/index.php\/wp-json\/wp\/v2\/pages\/106"}],"collection":[{"href":"https:\/\/cours-de-guitare-aix-en-provence.fr\/index.php\/wp-json\/wp\/v2\/pages"}],"about":[{"href":"https:\/\/cours-de-guitare-aix-en-provence.fr\/index.php\/wp-json\/wp\/v2\/types\/page"}],"author":[{"embeddable":true,"href":"https:\/\/cours-de-guitare-aix-en-provence.fr\/index.php\/wp-json\/wp\/v2\/users\/1"}],"replies":[{"embeddable":true,"href":"https:\/\/cours-de-guitare-aix-en-provence.fr\/index.php\/wp-json\/wp\/v2\/comments?post=106"}],"version-history":[{"count":29,"href":"https:\/\/cours-de-guitare-aix-en-provence.fr\/index.php\/wp-json\/wp\/v2\/pages\/106\/revisions"}],"predecessor-version":[{"id":715,"href":"https:\/\/cours-de-guitare-aix-en-provence.fr\/index.php\/wp-json\/wp\/v2\/pages\/106\/revisions\/715"}],"wp:attachment":[{"href":"https:\/\/cours-de-guitare-aix-en-provence.fr\/index.php\/wp-json\/wp\/v2\/media?parent=106"}],"curies":[{"name":"wp","href":"https:\/\/api.w.org\/{rel}","templated":true}]}}