{"id":104,"date":"2017-09-30T12:43:39","date_gmt":"2017-09-30T11:43:39","guid":{"rendered":"http:\/\/cours-de-guitare-aix-en-provence.fr\/?page_id=104"},"modified":"2023-05-20T15:36:55","modified_gmt":"2023-05-20T14:36:55","slug":"cours-guitare-adulte","status":"publish","type":"page","link":"https:\/\/cours-de-guitare-aix-en-provence.fr\/index.php\/cours-guitare-adulte\/","title":{"rendered":"cours guitare adulte"},"content":{"rendered":"<p>C\u00e9dric Lacoste, professeur\u00a0donne des cours\u00a0guitare acoustique et \u00e9lectrique en Ecole de musique municipale d\u2019Aix-en-Pce et Ecole Yamaha, et vous\u00a0propose des cours guitare adulte gr\u00e2ce \u00e0 une m\u00e9thode \u00e9labor\u00e9e sur vingt ans, plaisante et adapt\u00e9e \u00e0 chacun.<\/p>\n<p>En cours guitare adulte, vous jouez simplement avec le prof quelque-soit le niveau, et je prends le temps d&rsquo;expliquer. Que ce soit en<a href=\"http:\/\/cours-de-guitare-aix-en-provence.fr\/index.php\/cours-de-guitare-debutant\/\"> cours de guitare d\u00e9butant<\/a> ou confirm\u00e9,\u00a0\u00a0<a href=\"http:\/\/cours-de-guitare-aix-en-provence.fr\/index.php\/cours-de-guitare-acoustique\/\">acoustique<\/a>\u00a0ou\u00a0<a href=\"http:\/\/cours-de-guitare-aix-en-provence.fr\/index.php\/apprendre-guitare-electrique\/\">\u00e9lectrique<\/a><a href=\"http:\/\/cours-de-guitare-aix-en-provence.fr\/index.php\/cours-de-guitare-classique\/\">, classique<\/a>\u00a0ou\u00a0<a href=\"http:\/\/cours-de-guitare-aix-en-provence.fr\/index.php\/cours-guitare-jazz\/\">jazz<\/a>,\u00a0vous d\u00e9veloppez\u00a0votre oreille et sens du rythme en jouant sur des s\u00e9quences musicales.\u00a0Ces s\u00e9quences num\u00e9riques sont une biblioth\u00e8que dans laquelle je puise pour vous entra\u00eener aux accords typiques par exemple, aux gammes li\u00e9es au morceau choisi, aux plans importants&#8230; Car jouer ensemble est pr\u00e9cieux pour l&rsquo;apprentissage de la musique et du rythme en particulier.<\/p>\n<p>En cours guitare adulte je vous explique comment tenir la guitare et avoir une bonne position du corps et de la main gauche pour \u00eatre \u00e0 l&rsquo;aise. Ces pr\u00e9requis optimisent vos efforts r\u00e9p\u00e9t\u00e9s et assurent une vraie progression. Je vous fournis une<strong> fiche d&rsquo;\u00e9chauffement<\/strong>, <strong>une fiche p\u00e9dagogique originale<em>\u00a0U<\/em><em>ne couleur une note<\/em><\/strong>\u00a0con\u00e7ue pour accorder la guitare, toujours utile,<strong>\u00a0la fiche avec les accords du morceau en cours et tablatures<\/strong> (solf\u00e8ge si d\u00e9sir\u00e9),\u00a0ainsi que toutes les <strong>annotations ajout\u00e9es durant le cours<\/strong>\u00a0qui\u00a0vous sont utiles !<\/p>\n<p>En cours guitare adulte, vous d\u00e9veloppez votre oreille en jouant vos morceaux pr\u00e9f\u00e9r\u00e9s ainsi que d&rsquo;autres adapt\u00e9s \u00e0 votre niveau : blues, folk, rock, chanson fran\u00e7aise ou classique, jazz, bossa-nova. Je vous entra\u00eene par \u00e9tapes en d\u00e9construisant le morceau en diff\u00e9rentes parties plus digestes, pr\u00e9texte pour transmettre simplement les bons gestes propres aux transitions d&rsquo;accords notamment.<\/p>\n<p>En\u00a0cours individuel ainsi qu&rsquo;en\u00a0<a href=\"http:\/\/cours-de-guitare-aix-en-provence.fr\/index.php\/cours-de-guitare-binome\/\">cours en bin\u00f4me<\/a> (le prof. et deux guitaristes), les documents p\u00e9dagogiques offerts sont adapt\u00e9s au niveau de chacun pour une progression \u00e0 votre rythme. Musicalement.<\/p>\n","protected":false},"excerpt":{"rendered":"<p>C\u00e9dric Lacoste, professeur\u00a0donne des cours\u00a0guitare acoustique et \u00e9lectrique en Ecole de musique municipale d\u2019Aix-en-Pce et Ecole Yamaha, et vous\u00a0propose des cours guitare adulte gr\u00e2ce \u00e0 une m\u00e9thode \u00e9labor\u00e9e sur vingt ans, plaisante et adapt\u00e9e \u00e0 chacun. En cours guitare adulte, vous jouez simplement avec le prof quelque-soit le niveau, et je prends le temps d&rsquo;expliquer. [&hellip;]<\/p>\n","protected":false},"author":1,"featured_media":0,"parent":0,"menu_order":0,"comment_status":"closed","ping_status":"closed","template":"","meta":[],"_links":{"self":[{"href":"https:\/\/cours-de-guitare-aix-en-provence.fr\/index.php\/wp-json\/wp\/v2\/pages\/104"}],"collection":[{"href":"https:\/\/cours-de-guitare-aix-en-provence.fr\/index.php\/wp-json\/wp\/v2\/pages"}],"about":[{"href":"https:\/\/cours-de-guitare-aix-en-provence.fr\/index.php\/wp-json\/wp\/v2\/types\/page"}],"author":[{"embeddable":true,"href":"https:\/\/cours-de-guitare-aix-en-provence.fr\/index.php\/wp-json\/wp\/v2\/users\/1"}],"replies":[{"embeddable":true,"href":"https:\/\/cours-de-guitare-aix-en-provence.fr\/index.php\/wp-json\/wp\/v2\/comments?post=104"}],"version-history":[{"count":26,"href":"https:\/\/cours-de-guitare-aix-en-provence.fr\/index.php\/wp-json\/wp\/v2\/pages\/104\/revisions"}],"predecessor-version":[{"id":1033,"href":"https:\/\/cours-de-guitare-aix-en-provence.fr\/index.php\/wp-json\/wp\/v2\/pages\/104\/revisions\/1033"}],"wp:attachment":[{"href":"https:\/\/cours-de-guitare-aix-en-provence.fr\/index.php\/wp-json\/wp\/v2\/media?parent=104"}],"curies":[{"name":"wp","href":"https:\/\/api.w.org\/{rel}","templated":true}]}}