{"id":102,"date":"2017-09-30T12:42:58","date_gmt":"2017-09-30T11:42:58","guid":{"rendered":"http:\/\/cours-de-guitare-aix-en-provence.fr\/?page_id=102"},"modified":"2019-05-26T18:09:48","modified_gmt":"2019-05-26T17:09:48","slug":"cours-de-guitare-enfant","status":"publish","type":"page","link":"https:\/\/cours-de-guitare-aix-en-provence.fr\/index.php\/cours-de-guitare-enfant\/","title":{"rendered":"Cours de guitare enfant et d\u00e9veloppement personnel"},"content":{"rendered":"<p class=\"justify\">Il est prouv\u00e9 que l\u2019apprentissage d\u2019une pratique instrumentale est tr\u00e8s b\u00e9n\u00e9fique pour le d\u00e9veloppement cognitif de l\u2019enfant. En effet, les cours de guitare enfant convoquent simultan\u00e9ment de nombreuses facult\u00e9s : l\u2019ou\u00efe, la vue, le touch\u00e9, la kinesth\u00e9sie o\u00f9 le corps apprend le geste\u2026<br \/>\nC\u2019est pourquoi les objectifs p\u00e9dagogiques des cours de guitare enfant sont de transmettre les techniques \u00e9l\u00e9mentaires de la guitare mais aussi de donner go\u00fbt \u00e0 l\u2019instrument. Le cours est rythm\u00e9 en s\u00e9quences adapt\u00e9es \u00e0 cette tranche d\u2019\u00e2ge et les supports p\u00e9dagogiques sont d\u00e9di\u00e9s aux modes d\u2019apprentissage de l\u2019enfant.<\/p>\n<h2 class=\"sc_title sc_title_regular\">Cours de guitare enfant pour un v\u00e9ritable accompagnement&#8230;<\/h2>\n<p class=\"justify\">L\u2019acquisition des techniques propres \u00e0 l\u2019instrument participe au d\u00e9veloppement personnel de l&rsquo;enfant. La guitare est un instrument polymorphe li\u00e9 \u00e0 beaucoup de styles musicaux et capable d&rsquo;ouvrir votre enfant \u00e0 diverses musiques et par l\u00e0-m\u00eame\u00a0\u00e0\u00a0son monde int\u00e9rieur. La vocation du cours guitare enfant est v\u00e9ritablement l\u2019\u00e9panouissement de votre enfant. C\u2019est par le jeu, l\u2019\u00e9coute et la disponibilit\u00e9 que les savoirs de l&rsquo;\u00eatre social en construction se mettent en place.<a href=\"http:\/\/cours-de-guitare-aix-en-provence.fr\/index.php\/cours-de-guitare-binome\/\"> Les\u00a0cours en bin\u00f4me <\/a>(deux enfants d\u2019un niveau \u00e9quivalent parfois d\u2019une m\u00eame famille) est \u00e0 cet \u00e9gard tr\u00e8s productif\u2026<\/p>\n<p class=\"justify\">Titulaire du <strong>B.A.F.A.<\/strong> (Brevet d&rsquo;Aptitude aux Fonctions d&rsquo; Animateur, option<strong> A.F.P.S<\/strong> premiers secours r\u00e9actualis\u00e9\u00a0en 2017 par le<strong> PSC1<\/strong>), <strong>animateur enfants<\/strong> (4 -12 ans) et ados en village vacances France et \u00e9tranger, j\u2019ai eu l\u2019occasion en parall\u00e8le mon activit\u00e9 de <strong>professeur de guitare,<\/strong> d&rsquo;animer des ateliers enfant de fabrication d&rsquo;instruments dont des percussions br\u00e9siliennes, d&rsquo;Afrique et d&rsquo;Europe. J&rsquo;ai accompagn\u00e9 les enfants et toutes les tranches d\u2019\u00e2ge dans la cr\u00e9ation de spectacles musicaux vari\u00e9s dont des repr\u00e9sentations \u00e0 th\u00e8me type cabaret o\u00f9 les <strong>jeunes musiciens en herbe se produisent sur sc\u00e8ne<\/strong>.<\/p>\n<p class=\"justify\">Etre \u00e0 l\u2019\u00e9coute de votre enfant, qu\u2019il acc\u00e8de \u00e0 une vari\u00e9t\u00e9 de styles musicaux et d\u2019instruments propre \u00e0 l&rsquo;\u00e9veil musical, d\u00e9velopper sa cr\u00e9ativit\u00e9 par l\u2019\u00e9coute et le jeu sont les premiers\u00a0objectifs du cours de guitare enfant. Ludiques, le cours de guitare enfants suscite le go\u00fbt de l&rsquo;instrument afin de rendre votre enfant plus disponible \u00e0 l\u2019acquisition des connaissances li\u00e9es \u00e0 cette pratique. Les cours se d\u00e9roulent le mercredi, <a href=\"http:\/\/cours-de-guitare-aix-en-provence.fr\/index.php\/tarifs-cours-de-guitare\/\">voir ici les tarifs<\/a>. N&rsquo;h\u00e9sitez pas \u00e0 me contacter pour le choix d&rsquo;une guitare,\u00a0je peux vous conseiller ou en s\u00e9lectionner une\u00a0pour vous, car dans un m\u00eame lot, toutes ne se valent pas. Musicalement.<\/p>\n","protected":false},"excerpt":{"rendered":"<p>Il est prouv\u00e9 que l\u2019apprentissage d\u2019une pratique instrumentale est tr\u00e8s b\u00e9n\u00e9fique pour le d\u00e9veloppement cognitif de l\u2019enfant. En effet, les cours de guitare enfant convoquent simultan\u00e9ment de nombreuses facult\u00e9s : l\u2019ou\u00efe, la vue, le touch\u00e9, la kinesth\u00e9sie o\u00f9 le corps apprend le geste\u2026 C\u2019est pourquoi les objectifs p\u00e9dagogiques des cours de guitare enfant sont de [&hellip;]<\/p>\n","protected":false},"author":1,"featured_media":0,"parent":0,"menu_order":0,"comment_status":"closed","ping_status":"closed","template":"","meta":[],"_links":{"self":[{"href":"https:\/\/cours-de-guitare-aix-en-provence.fr\/index.php\/wp-json\/wp\/v2\/pages\/102"}],"collection":[{"href":"https:\/\/cours-de-guitare-aix-en-provence.fr\/index.php\/wp-json\/wp\/v2\/pages"}],"about":[{"href":"https:\/\/cours-de-guitare-aix-en-provence.fr\/index.php\/wp-json\/wp\/v2\/types\/page"}],"author":[{"embeddable":true,"href":"https:\/\/cours-de-guitare-aix-en-provence.fr\/index.php\/wp-json\/wp\/v2\/users\/1"}],"replies":[{"embeddable":true,"href":"https:\/\/cours-de-guitare-aix-en-provence.fr\/index.php\/wp-json\/wp\/v2\/comments?post=102"}],"version-history":[{"count":35,"href":"https:\/\/cours-de-guitare-aix-en-provence.fr\/index.php\/wp-json\/wp\/v2\/pages\/102\/revisions"}],"predecessor-version":[{"id":764,"href":"https:\/\/cours-de-guitare-aix-en-provence.fr\/index.php\/wp-json\/wp\/v2\/pages\/102\/revisions\/764"}],"wp:attachment":[{"href":"https:\/\/cours-de-guitare-aix-en-provence.fr\/index.php\/wp-json\/wp\/v2\/media?parent=102"}],"curies":[{"name":"wp","href":"https:\/\/api.w.org\/{rel}","templated":true}]}}