{"id":100,"date":"2017-09-30T12:42:39","date_gmt":"2017-09-30T11:42:39","guid":{"rendered":"http:\/\/cours-de-guitare-aix-en-provence.fr\/?page_id=100"},"modified":"2019-05-26T16:26:42","modified_gmt":"2019-05-26T15:26:42","slug":"cours-de-guitare-debutant","status":"publish","type":"page","link":"https:\/\/cours-de-guitare-aix-en-provence.fr\/index.php\/cours-de-guitare-debutant\/","title":{"rendered":"cours de guitare d\u00e9butant : une chance"},"content":{"rendered":"<h1 class=\"pb30 text-center txt-brown\">cours de guitare d\u00e9butant(e)<\/h1>\n<p class=\"justify\">Vous \u00eates d\u00e9butant(e) et vous voulez apprendre la guitare facilement ?\u00a0 Vous ne connaissez pas ou peu les syst\u00e8mes de notation musicale comme la tablature et vous vous demandez si le solf\u00e8ge est n\u00e9cessaire ? En cours de guitare d\u00e9butant, le solf\u00e8ge n&rsquo;est pas obligatoire et m\u00eame proscrit au d\u00e9but. Que ce soit en <a href=\"http:\/\/cours-de-guitare-aix-en-provence.fr\/index.php\/cours-de-guitare-enfant\/\">cours guitare enfant<\/a>, en <a href=\"http:\/\/cours-de-guitare-aix-en-provence.fr\/index.php\/cours-de-gratte-ados\/\">cours gratte ados<\/a> ou en <a href=\"http:\/\/cours-de-guitare-aix-en-provence.fr\/index.php\/cours-guitare-adulte\/\">cours guitare adulte<\/a>, l&rsquo;objectif est de donner go\u00fbt et de motiver l&rsquo;\u00e9l\u00e8ve en premier lieu simplement par le jeu avec le prof et d&rsquo;entrainer son oreille avant d&rsquo;aborder des morceaux simples.<\/p>\n<p class=\"justify\">Vous h\u00e9sitez encore sur le choix d&rsquo;une guitare : acoustique, folk ou \u00e9lectrique ?\u00a0En cours de guitare d\u00e9butant, je r\u00e9pond \u00e0 toutes les interrogations en fonction de vos besoins. En cours de guitare d\u00e9butant, l&rsquo;\u00e9l\u00e8ve apprend tout d&rsquo;abord la bonne prise en main de l&rsquo;instrument. J&rsquo;explique\u00a0comment jouer de la guitare et sa tenue. Car adopter une bonne position de la main gauche permet d&rsquo;\u00eatre \u00e0 l&rsquo;aise et d&rsquo;optimiser ainsi les efforts r\u00e9p\u00e9t\u00e9s.Tout comme <em>la vigne qui doit \u00eatre tailler et conduite jeune pour avoir une bonne fructification<\/em>, ce sont les bonnes conditions pour une vrai progression&#8230;<\/p>\n<p class=\"justify\">L&rsquo;\u00e9l\u00e8ve essaie en cours de guitare d\u00e9butant les diff\u00e9rents types de guitares, pour se faire une id\u00e9e&#8230; Je peux en pr\u00eater une, conseiller en vue d&rsquo;un futur achat et me d\u00e9placer pour choisir personnellement votre instrument id\u00e9al. Car dans un lot de guitare identiques toutes ne se valent pas&#8230;<\/p>\n<p class=\"justify\">En cours de guitare d\u00e9butant, on mettra l&rsquo;accent donc sur la bonne posture, mais aussi sur les accords en premi\u00e8re position (pr\u00e8s de la t\u00eate de guitare), les alternatives aux accords barr\u00e9s trop contraignants comme vous le savez peut-\u00eatre, et l&rsquo;entrainement de l&rsquo;oreille.<\/p>\n<p class=\"justify\"><h2 class=\"sc_title sc_title_regular\">Objectif 1 du cours de guitare d\u00e9butant : le plaisir de jouer !<\/h2><\/p>\n<p>Le jeu \u00e9tant n\u00e9cessaire dans toutes formes d&rsquo;apprentissage, \u00e9l\u00e8ve et prof jouent ensemble. M\u00e9lodies simples et transitions d&rsquo;accords sont r\u00e9p\u00e9t\u00e9es sur des s\u00e9quences musicales li\u00e9es \u00e0 des morceaux connus. Et une fiche regroupant texte, accords d&rsquo;un morceau, annotations personnalis\u00e9es, tablature et\/ou solf\u00e8ge est fournie. J&rsquo;arrange aussi tout ou partie de vos morceaux pr\u00e9f\u00e9r\u00e9s pour\u00a0que nous puissions les jouer ensemble. Jouer de la musique est un partage avant tout, c&rsquo;est donc mieux de jouer \u00e0 deux pour apprendre !<\/p>\n<h2 class=\"sc_title sc_title_regular\">Objectif 2 du cours\u00a0de guitare d\u00e9butant : transmettre ma m\u00e9thode <\/h2>\n<p>Le but est que l&rsquo;\u00e9l\u00e8ve puisse \u00e0 terme identifier les difficult\u00e9s d&rsquo;un morceau, d\u00e9composer les \u00e9l\u00e9ments de structure, rep\u00e9rer les diff\u00e9rents passages, avoir int\u00e9gr\u00e9 les diff\u00e9rentes \u00e9tapes dans l&rsquo;apprentissage d&rsquo;un morceau. Mais aussi s&rsquo;aproprier les outils techniques et harmoniques, notamment par les exercices de l&rsquo;oreille vu au dessus. Ces outils sont en effet tr\u00e8s utiles pour faire les liens avec la connaissance du manche. Cette m\u00e9thodologie permet \u00e0 l&rsquo;\u00e9l\u00e8ve d&rsquo;avoir des bases solides et de faire sien les savoirs techniques de mani\u00e8re ludique. Cette autonomie lui permettra \u00e0 terme d&rsquo;aborder seul ses morceaux pr\u00e9f\u00e9r\u00e9s dans diff\u00e9rents styles.<\/p>\n","protected":false},"excerpt":{"rendered":"<p>cours de guitare d\u00e9butant(e) Vous \u00eates d\u00e9butant(e) et vous voulez apprendre la guitare facilement ?\u00a0 Vous ne connaissez pas ou peu les syst\u00e8mes de notation musicale comme la tablature et vous vous demandez si le solf\u00e8ge est n\u00e9cessaire ? En cours de guitare d\u00e9butant, le solf\u00e8ge n&rsquo;est pas obligatoire et m\u00eame proscrit au d\u00e9but. Que [&hellip;]<\/p>\n","protected":false},"author":1,"featured_media":0,"parent":0,"menu_order":0,"comment_status":"closed","ping_status":"closed","template":"","meta":[],"_links":{"self":[{"href":"https:\/\/cours-de-guitare-aix-en-provence.fr\/index.php\/wp-json\/wp\/v2\/pages\/100"}],"collection":[{"href":"https:\/\/cours-de-guitare-aix-en-provence.fr\/index.php\/wp-json\/wp\/v2\/pages"}],"about":[{"href":"https:\/\/cours-de-guitare-aix-en-provence.fr\/index.php\/wp-json\/wp\/v2\/types\/page"}],"author":[{"embeddable":true,"href":"https:\/\/cours-de-guitare-aix-en-provence.fr\/index.php\/wp-json\/wp\/v2\/users\/1"}],"replies":[{"embeddable":true,"href":"https:\/\/cours-de-guitare-aix-en-provence.fr\/index.php\/wp-json\/wp\/v2\/comments?post=100"}],"version-history":[{"count":78,"href":"https:\/\/cours-de-guitare-aix-en-provence.fr\/index.php\/wp-json\/wp\/v2\/pages\/100\/revisions"}],"predecessor-version":[{"id":761,"href":"https:\/\/cours-de-guitare-aix-en-provence.fr\/index.php\/wp-json\/wp\/v2\/pages\/100\/revisions\/761"}],"wp:attachment":[{"href":"https:\/\/cours-de-guitare-aix-en-provence.fr\/index.php\/wp-json\/wp\/v2\/media?parent=100"}],"curies":[{"name":"wp","href":"https:\/\/api.w.org\/{rel}","templated":true}]}}